{"id":115,"date":"2015-07-18T09:24:26","date_gmt":"2015-07-18T09:24:26","guid":{"rendered":"https:\/\/platrefrance.com\/?page_id=115"},"modified":"2020-05-20T15:33:05","modified_gmt":"2020-05-20T15:33:05","slug":"about-us","status":"publish","type":"page","link":"https:\/\/platrefrance.com\/home\/about-us\/","title":{"rendered":"\u00c0 PROPOS"},"content":{"rendered":"<p>[vc_row layout=\u00a0\u00bbboxed\u00a0\u00bb parallax_style=\u00a0\u00bbnone\u00a0\u00bb parallax_scroll_effect=\u00a0\u00bbfixed\u00a0\u00bb el_class=\u00a0\u00bbmargin-bottom-100&Prime;][vc_column width=\u00a0\u00bb1\/2&Prime;][vc_row_inner parallax_style=\u00a0\u00bbnone\u00a0\u00bb video_link=\u00a0\u00bb\u00a0\u00bb parallax_scroll_effect=\u00a0\u00bbfixed\u00a0\u00bb][vc_column_inner width=\u00a0\u00bb1\/2&Prime;][vc_single_image image=\u00a0\u00bb1172&Prime; img_size=\u00a0\u00bbfull\u00a0\u00bb alignment=\u00a0\u00bbcenter\u00a0\u00bb el_class=\u00a0\u00bbdarna-single-image-style xs-margin-bottom-15&Prime;][\/vc_column_inner][vc_column_inner width=\u00a0\u00bb1\/2&Prime;][vc_single_image image=\u00a0\u00bb1156&Prime; img_size=\u00a0\u00bbfull\u00a0\u00bb alignment=\u00a0\u00bbcenter\u00a0\u00bb el_class=\u00a0\u00bbdarna-single-image-style\u00a0\u00bb css=\u00a0\u00bb.vc_custom_1571054543979{margin-bottom: 18px !important;}\u00a0\u00bb][vc_single_image image=\u00a0\u00bb1175&Prime; img_size=\u00a0\u00bbfull\u00a0\u00bb alignment=\u00a0\u00bbcenter\u00a0\u00bb el_class=\u00a0\u00bbdarna-single-image-style xs-margin-bottom-15&Prime;][\/vc_column_inner][\/vc_row_inner][\/vc_column][vc_column width=\u00a0\u00bb1\/2&Prime;]\t\t\t<div\n\t\t\t\tclass=\"darna-icon-box style3 \" >\n\t\t\t\t<a class=\"ibox-icon\" title=\"\"\n\t\t\t\t   target=\"_self\" href=\"#\">\n\t\t\t\t\t\t\t\t\t\t\t<i class=\"fa fa-suitcase\"><\/i>\n\t\t\t\t\t\t\t\t\t<\/a>\n\t\t\t\t\t\t\t\t\t<h3><a title=\"\" target=\"_self\"\n\t\t\t\t\t       href=\"#\">PL\u00c2TRE FRANCE<\/a><\/h3>\n\t\t\t\t\t\t\t\t\t<p>Distributeur fran\u00e7ais de Placopl\u00e2tre - Saint-Gobain Formula depuis plus de 15 ans, nous vous proposons \u00e0 travers notre plateforme web Pl\u00e2treFrance.com une large gamme de pl\u00e2tre \u00e0 mouler aux multiples caract\u00e9ristiques et fonctions. Nous adaptons notre offre selon votre domaine de m\u00e9tiers et de l'utilisation souhait\u00e9e. Notre plateforme vous assure un approvisionnement imm\u00e9diat, en gros ou moyen volume. Nos co\u00fbts sont ma\u00eetris\u00e9s pour minimiser l\u2019impact budg\u00e9taire li\u00e9 \u00e0 vos achats.<\/p>\n\t\t\t\t\t\t\t<\/div>\n\t\t\t[vc_row_inner parallax_style=\u00a0\u00bbnone\u00a0\u00bb parallax_scroll_effect=\u00a0\u00bbfixed\u00a0\u00bb el_class=\u00a0\u00bbdarna-list-style\u00a0\u00bb css=\u00a0\u00bb.vc_custom_1437821641282{margin-top: 9px !important;margin-bottom: 38px !important;}\u00a0\u00bb][vc_column_inner width=\u00a0\u00bb1\/2&Prime;][vc_column_text]<\/p>\n<ul>\n<li>Distributeur de Placopl\u00e2tre &#8211; Saint-Gobain Formula<\/li>\n<li>Reconnus pour notre gypse de haute qualit\u00e9 et notre comp\u00e9tence technique<\/li>\n<li>Des pl\u00e2tres industriels adapt\u00e9s \u00a0\u00e0 diverses applications industrielles<\/li>\n<\/ul>\n<p>[\/vc_column_text][\/vc_column_inner][vc_column_inner width=\u00a0\u00bb1\/2&Prime;][vc_column_text]<\/p>\n<ul>\n<li>Service client et Service Apr\u00e8s Vente \u00e0 votre disposition<\/li>\n<li>Support technique disponible en t\u00e9l\u00e9chargement pour chaque produit<\/li>\n<li>Une \u00e9quipe d\u00e9di\u00e9e, r\u00e9active et \u00e0 votre \u00e9coute<\/li>\n<\/ul>\n<p>[\/vc_column_text][\/vc_column_inner][\/vc_row_inner]\t\t\t\t\t\t<a class=\"darna-button size-sm style1 icon-left  margin-right-7 xs-margin-bottom-15\"\n\t\t\t   href=\"#\"\n\t\t\t   title=\"T\u00c9L\u00c9CHARGER NOTRE PLAQUETTE\"\n\t\t\t   target=\"_self\"\n\t\t\t\t>\n\t\t\t\tT\u00c9L\u00c9CHARGER NOTRE PLAQUETTE\t\t\t<\/a>\n\t\t\t\t\t\t\t\t\t\t\t<a class=\"darna-button size-sm style4 icon-left  xs-margin-bottom-15\"\n\t\t\t   href=\"https:\/\/platrefrance.com\/home\/nos-marches\/\"\n\t\t\t   title=\"VOIR NOS MARCH\u00c9S\"\n\t\t\t   target=\"_self\"\n\t\t\t\t>\n\t\t\t\tVOIR NOS MARCH\u00c9S\t\t\t<\/a>\n\t\t\t\t\t[\/vc_column][\/vc_row][vc_row parallax_style=\u00a0\u00bbnone\u00a0\u00bb parallax_scroll_effect=\u00a0\u00bbfixed\u00a0\u00bb css=\u00a0\u00bb.vc_custom_1437790525038{background-image: url(https:\/\/platrefrance.com\/wp-content\/uploads\/2015\/07\/bg-testimonial.jpg?id=310) !important;background-position: center !important;background-repeat: no-repeat !important;background-size: cover !important;}\u00a0\u00bb][vc_column]\t\t\t<div\n\t\t\t\tclass=\"darna-heading style2 margin-bottom-40 margin-top-100\" >\n\t\t\t\t\t\t\t\t\t<h2>QUE DISENT NOS CLIENTS<\/h2>\n\t\t\t\t\t\t\t\t\t\t\t\t\t<p>THEY HAPPY WITH US<\/p>\n\t\t\t\t\t\t\t<\/div>\n\t\t\t\t\t\t<div data-plugin-options='{&quot;navigation&quot;:true,&quot;pagination&quot;:false,&quot;singleItem&quot;:true,&quot;transitionStyle&quot;:&quot;fade&quot;,&quot;stopOnHover&quot;:false,&quot;autoHeight&quot;:false,&quot;autoPlay&quot;:true}'\n\t\t\t     class=\"darna-testimonial style1 owl-carousel  margin-bottom-100\" >\n\t\t\t\t\t\t\t<div class=\"darna-testimonial-item\">\n\t\t\t\t<p>O\u00f9 que vous soyez et sur quel march\u00e9 vous op\u00e9rez, nous visons \u00e0 vous fournir la meilleure solution possible pour vos besoins.<\/p>\n\t\t\t\t\t\t\t\t\t<h6>Saint-Gobain Formula<\/h6>\n\t\t\t\t\t\t\t\t\t<span>PARIS - FRANCE<\/span>\n\t\t\t\t\t\t\t<\/div>\n\t\t\t\t\t\t<div class=\"darna-testimonial-item\">\n\t\t\t\t<p>Nous sommes le premier fournisseur de produits industriels \u00e0 base de sulfate de calcium. Pl\u00e2tre France en est le distributeur exclusif fran\u00e7ais.<\/p>\n\t\t\t\t\t\t\t\t\t<h6>Saint-Gobain Formula<\/h6>\n\t\t\t\t\t\t\t\t\t<span>PARIS - FRANCE<\/span>\n\t\t\t\t\t\t\t<\/div>\n\t\t\t\t\t\t<div class=\"darna-testimonial-item\">\n\t\t\t\t<p>Approvisionnement aupr\u00e8s du principal fournisseur de pl\u00e2tres industriels haute performance<\/p>\n\t\t\t\t\t\t\t\t\t<h6>PL\u00c2TRE FRANCE<\/h6>\n\t\t\t\t\t\t\t\t\t<span>PARIS - FRANCE<\/span>\n\t\t\t\t\t\t\t<\/div>\n\t\t\t\t\t\t<\/div>\n\t\t\t[\/vc_column][\/vc_row][vc_row layout=\u00a0\u00bbboxed\u00a0\u00bb parallax_style=\u00a0\u00bbnone\u00a0\u00bb parallax_scroll_effect=\u00a0\u00bbfixed\u00a0\u00bb el_class=\u00a0\u00bbbg-gray\u00a0\u00bb][vc_column width=\u00a0\u00bb1\/2&Prime; el_class=\u00a0\u00bbmargin-top-100 md-margin-bottom-100 col-md-6 col-sm-12 col-xs-12&Prime;][vc_tta_tabs shape=\u00a0\u00bbsquare\u00a0\u00bb color=\u00a0\u00bbwhite\u00a0\u00bb spacing=\u00a0\u00bb\u00a0\u00bb active_section=\u00a0\u00bb1&Prime; title=\u00a0\u00bbPOURQUOI CHOISIR PL\u00c2TRE FRANCE ?\u00a0\u00bb][vc_tta_section title=\u00a0\u00bbUn fournisseur reconnu\u00a0\u00bb tab_id=\u00a0\u00bb1444103651337-71628a74-5509&Prime;][vc_column_text]<\/p>\n<div class=\"darna-content-left\"><\/div>\n<div class=\"darna-content-right\"><img loading=\"lazy\" decoding=\"async\" class=\"size-medium wp-image-1186 alignleft\" src=\"https:\/\/platrefrance.com\/wp-content\/uploads\/2019\/10\/Carriere-de-Gypse-Placo-Saint-Gobain-296x300.jpg\" alt=\"\" width=\"296\" height=\"300\" srcset=\"https:\/\/platrefrance.com\/wp-content\/uploads\/2019\/10\/Carriere-de-Gypse-Placo-Saint-Gobain-296x300.jpg 296w, https:\/\/platrefrance.com\/wp-content\/uploads\/2019\/10\/Carriere-de-Gypse-Placo-Saint-Gobain-570x577.jpg 570w, https:\/\/platrefrance.com\/wp-content\/uploads\/2019\/10\/Carriere-de-Gypse-Placo-Saint-Gobain-100x100.jpg 100w, https:\/\/platrefrance.com\/wp-content\/uploads\/2019\/10\/Carriere-de-Gypse-Placo-Saint-Gobain.jpg 720w\" sizes=\"auto, (max-width: 296px) 100vw, 296px\" \/><\/div>\n<div><\/div>\n<div class=\"darna-content-right\">Nous sommes le distributeur exclusif de Saint-Gobain en France, premier fournisseur de l\u2019industrie depuis plus de 20 ans pour les solutions sp\u00e9cialis\u00e9es \u00e0 base de pl\u00e2tres et de gypse.<\/div>\n<p>[\/vc_column_text][\/vc_tta_section][vc_tta_section title=\u00a0\u00bbDes pl\u00e2tres aux applications industrielles vari\u00e9es\u00a0\u00bb tab_id=\u00a0\u00bb1444103690080-e4d46e0a-4340&Prime;][vc_column_text]<\/p>\n<div class=\"darna-content-right\">\n<p><img loading=\"lazy\" decoding=\"async\" class=\"size-medium wp-image-1190 alignleft\" src=\"https:\/\/platrefrance.com\/wp-content\/uploads\/2019\/10\/platre-france-quamite-300x265.png\" alt=\"\" width=\"300\" height=\"265\" srcset=\"https:\/\/platrefrance.com\/wp-content\/uploads\/2019\/10\/platre-france-quamite-300x265.png 300w, https:\/\/platrefrance.com\/wp-content\/uploads\/2019\/10\/platre-france-quamite-570x503.png 570w, https:\/\/platrefrance.com\/wp-content\/uploads\/2019\/10\/platre-france-quamite.png 600w\" sizes=\"auto, (max-width: 300px) 100vw, 300px\" \/><br \/>\nNous proposons une gamme compl\u00e8te de produits pl\u00e2tre pour tous les proc\u00e9d\u00e9s de fabrications utilis\u00e9s pour le march\u00e9 de la c\u00e9ramique et plus particuli\u00e8rement des arts de la table (coulage traditionnel, calibrage creux et calibrage bosse, Ram Process et m\u00e8res de moules), \u00a0du staff, du d\u00e9coratif, de la sculpture et du dentaire.<\/p>\n<\/div>\n<p>[\/vc_column_text][\/vc_tta_section][vc_tta_section title=\u00a0\u00bbUn service client de qualit\u00e9\u00a0\u00bb tab_id=\u00a0\u00bb1444103691601-d09efe5d-f35a\u00a0\u00bb][vc_column_text]<\/p>\n<div class=\"darna-content-right\"><img loading=\"lazy\" decoding=\"async\" class=\"size-medium wp-image-1189 alignleft\" src=\"https:\/\/platrefrance.com\/wp-content\/uploads\/2019\/10\/service-client-platre-300x249.png\" alt=\"\" width=\"300\" height=\"249\" srcset=\"https:\/\/platrefrance.com\/wp-content\/uploads\/2019\/10\/service-client-platre-300x249.png 300w, https:\/\/platrefrance.com\/wp-content\/uploads\/2019\/10\/service-client-platre-570x473.png 570w, https:\/\/platrefrance.com\/wp-content\/uploads\/2019\/10\/service-client-platre.png 600w\" sizes=\"auto, (max-width: 300px) 100vw, 300px\" \/>Chaque personne de notre Service Client Pl\u00e2tre France s\u2019implique personnellement pour vous rendre un service de qualit\u00e9. Notre engagement professionnel a pour but d\u2019am\u00e9liorer en permanence nos pratiques. Nous nous assurons de r\u00e9pondre constamment aux besoins \u00e9volutifs des march\u00e9s sur lesquels nous op\u00e9rons.<\/div>\n<p>[\/vc_column_text][\/vc_tta_section][\/vc_tta_tabs][\/vc_column][vc_column width=\u00a0\u00bb1\/2&Prime; el_class=\u00a0\u00bbmargin-top-100 margin-bottom-100 col-md-6 col-sm-12 col-xs-12&Prime;][vc_tta_accordion shape=\u00a0\u00bbsquare\u00a0\u00bb color=\u00a0\u00bbwhite\u00a0\u00bb gap=\u00a0\u00bb10&Prime; c_icon=\u00a0\u00bb\u00a0\u00bb active_section=\u00a0\u00bb1&Prime; title=\u00a0\u00bbLA QUALIT\u00c9 DE NOS PRODUITS\u00a0\u00bb][vc_tta_section i_icon_fontawesome=\u00a0\u00bbfa fa-cog\u00a0\u00bb add_icon=\u00a0\u00bbtrue\u00a0\u00bb title=\u00a0\u00bbMa\u00eetrise de la provenance\u00a0\u00bb tab_id=\u00a0\u00bb1444103863706-3a922692-8ed9&Prime;][vc_column_text]Notre fournisseur nous garantit la provenance de chacun de nos pl\u00e2tres mises \u00e0 votre disposition.[\/vc_column_text][\/vc_tta_section][vc_tta_section i_icon_fontawesome=\u00a0\u00bbfa fa-futbol-o\u00a0\u00bb add_icon=\u00a0\u00bbtrue\u00a0\u00bb title=\u00a0\u00bbLa multi-fonction de nos produits\u00a0\u00bb tab_id=\u00a0\u00bb1444103874575-08062cb4-6f8d\u00a0\u00bb][vc_column_text]Nous vous proposons une large gamme de pl\u00e2tres \u00e0 mouler aux multiples caract\u00e9ristiques et fonctions. L\u2019utilisation des pl\u00e2tres dans les applications industrielles est \u00e9tendue et vari\u00e9e avec des demandes de performances techniques en constante \u00e9volution. Notre gamme de pl\u00e2tre couvre les cinq plus grands march\u00e9s (c\u00e9ramique, sculpture, d\u00e9coratif, dentaire et staff) et les cinq principaux proc\u00e9d\u00e9s d&rsquo;utilisation (coulage, modelage, calibrage, ram press et m\u00e8re de moule).[\/vc_column_text][\/vc_tta_section][vc_tta_section i_icon_fontawesome=\u00a0\u00bbfa fa-compass\u00a0\u00bb add_icon=\u00a0\u00bbtrue\u00a0\u00bb title=\u00a0\u00bbLa facilit\u00e9 d&rsquo;utilisation\u00a0\u00bb tab_id=\u00a0\u00bb1444103873449-3ab62325-480d\u00a0\u00bb][vc_column_text]Notre gamme de pl\u00e2tre est tr\u00e8s simple d&rsquo;utilisation et dot\u00e9e de qualit\u00e9s techniques exceptionnelles. Si toutefois vous rencontrez des probl\u00e8mes, nous sommes \u00e0 votre \u00e9coute pour vous aider. Sachez d&rsquo;ailleurs que pour chacun de nos produits, une fiche technique est associ\u00e9e que vous trouverez online mais \u00e9galement dans votre colis.[\/vc_column_text][\/vc_tta_section][\/vc_tta_accordion][\/vc_column][\/vc_row][vc_row layout=\u00a0\u00bbboxed\u00a0\u00bb parallax_style=\u00a0\u00bbnone\u00a0\u00bb parallax_scroll_effect=\u00a0\u00bbfixed\u00a0\u00bb el_class=\u00a0\u00bbmargin-top-100 margin-bottom-100&Prime;][vc_column width=\u00a0\u00bb1\/2&Prime; el_class=\u00a0\u00bbcol-md-6 col-sm-12&Prime;][vc_video link=\u00a0\u00bbhttps:\/\/youtu.be\/ilXsThRJTAo\u00a0\u00bb][\/vc_column][vc_column width=\u00a0\u00bb1\/2&Prime; css=\u00a0\u00bb.vc_custom_1437822105327{margin-top: 38px !important;}\u00a0\u00bb el_class=\u00a0\u00bbcol-md-6 col-sm-12&Prime;][vc_raw_html]JTNDaDIlMjBjbGFzcyUzRCUyMmRhcm5hLWhlYWRpbmctbWVkaWElMjIlM0VWb3VzJTIwJTNDc3BhbiUzRSVDMyVBOWNvdXRlciUzQyUyRnNwYW4lM0UlMjBjb25zdHJ1aXJlJTIwJTNDc3BhbiUzRWVuc2VtYmxlJTNDJTJGc3BhbiUzRSUyME1pZXV4JTIwJTNDc3BhbiUzRXZvdXMlMjBzYXRpc2ZhaXJlLiUzQyUyRnNwYW4lM0UlM0MlMkZoMiUzRQ==[\/vc_raw_html][vc_column_text css=\u00a0\u00bb.vc_custom_1575555470706{margin-top: 28px !important;margin-bottom: 33px !important;}\u00a0\u00bb]Nous mettons tout en \u0153uvre pour garantir votre enti\u00e8re satisfaction \u00a0avec nos produits et nos services, et nous nous effor\u00e7ons de traiter les probl\u00e8mes de mani\u00e8re rapide et efficace.<br \/>\nVotre avis est important pour nous ! Nous sommes \u00e0 votre \u00e9coute et nous donnons suite aux retours que nous recevons de vous.[\/vc_column_text]\t\t\t\t\t\t<a class=\"darna-button size-md style3 icon-left  \"\n\t\t\t   href=\"https:\/\/platrefrance.com\/home\/contact-us\/\"\n\t\t\t   title=\"CONTACTEZ-NOUS\"\n\t\t\t   target=\"_self\"\n\t\t\t\t>\n\t\t\t\tCONTACTEZ-NOUS\t\t\t<\/a>\n\t\t\t\t\t[\/vc_column][\/vc_row][vc_row parallax_style=\u00a0\u00bbnone\u00a0\u00bb parallax_scroll_effect=\u00a0\u00bbfixed\u00a0\u00bb css=\u00a0\u00bb.vc_custom_1438058417345{background-image: url(https:\/\/platrefrance.com\/wp-content\/uploads\/2015\/07\/bg.jpg?id=624) !important;background-position: 0 0 !important;background-repeat: repeat !important;}\u00a0\u00bb el_class=\u00a0\u00bbmargin-bottom-100&Prime;][vc_column][vc_row_inner layout=\u00a0\u00bbboxed\u00a0\u00bb parallax_style=\u00a0\u00bbnone\u00a0\u00bb parallax_scroll_effect=\u00a0\u00bbfixed\u00a0\u00bb][vc_column_inner el_class=\u00a0\u00bbcol-md-3 col-sm-6 col-xs-12&Prime; width=\u00a0\u00bb1\/4&Prime;]\t\t\t<div class=\"darna-counter \">\n\t\t\t\t\t\t\t\t\t<span class=\"display-percentage\" style=\"color: \"\n\t\t\t\t\t\t  data-percentage=\"56\">56<\/span>\n\t\t\t\t\t\t\t\t\t\t\t<p class=\"counter-title\" style=\"color: \">PROJETS ACCOMPLIS<\/p>\n\t\t\t\t\t\t\t\t<\/div>\n\t\t\t[\/vc_column_inner][vc_column_inner el_class=\u00a0\u00bbcol-md-3 col-sm-6 col-xs-12&Prime; width=\u00a0\u00bb1\/4&Prime;]\t\t\t<div class=\"darna-counter \">\n\t\t\t\t\t\t\t\t\t<span class=\"display-percentage\" style=\"color: \"\n\t\t\t\t\t\t  data-percentage=\"5\">5<\/span>\n\t\t\t\t\t\t\t\t\t\t\t<p class=\"counter-title\" style=\"color: \">EMPLOY\u00c9S<\/p>\n\t\t\t\t\t\t\t\t<\/div>\n\t\t\t[\/vc_column_inner][vc_column_inner el_class=\u00a0\u00bbcol-md-3 col-sm-6 col-xs-12&Prime; width=\u00a0\u00bb1\/4&Prime;]\t\t\t<div class=\"darna-counter \">\n\t\t\t\t\t\t\t\t\t<span class=\"display-percentage\" style=\"color: \"\n\t\t\t\t\t\t  data-percentage=\"250\">250<\/span>\n\t\t\t\t\t\t\t\t\t\t\t<p class=\"counter-title\" style=\"color: \">CLIENTS SATISFAITS<\/p>\n\t\t\t\t\t\t\t\t<\/div>\n\t\t\t[\/vc_column_inner][vc_column_inner el_class=\u00a0\u00bbcol-md-3 col-sm-6 col-xs-12&Prime; width=\u00a0\u00bb1\/4&Prime;]\t\t\t<div class=\"darna-counter \">\n\t\t\t\t\t\t\t\t\t<span class=\"display-percentage\" style=\"color: \"\n\t\t\t\t\t\t  data-percentage=\"1\">1<\/span>\n\t\t\t\t\t\t\t\t\t\t\t<p class=\"counter-title\" style=\"color: \">FOURNISSEUR EXCLUSIF<\/p>\n\t\t\t\t\t\t\t\t<\/div>\n\t\t\t[\/vc_column_inner][\/vc_row_inner][\/vc_column][\/vc_row][vc_row layout=\u00a0\u00bbboxed\u00a0\u00bb parallax_style=\u00a0\u00bbnone\u00a0\u00bb parallax_scroll_effect=\u00a0\u00bbfixed\u00a0\u00bb el_class=\u00a0\u00bbmargin-bottom-100&Prime;][vc_column]\t\t\t<div\n\t\t\t\tclass=\"darna-heading style1 margin-bottom-40\" >\n\t\t\t\t\t\t\t\t\t<h2>NOTRE PARTENAIRE SAINT-GOBAIN FORMULA<\/h2>\n\t\t\t\t\t\t\t\t\t\t\t\t\t<p>HAUTEMENT PERFORMANT &amp; PROFESSIONEL<\/p>\n\t\t\t\t\t\t\t<\/div>\n\t\t\t[\/vc_column][\/vc_row][vc_row parallax_style=\u00a0\u00bbnone\u00a0\u00bb parallax_scroll_effect=\u00a0\u00bbfixed\u00a0\u00bb css=\u00a0\u00bb.vc_custom_1437797244022{background-color: #f8f8f8 !important;}\u00a0\u00bb][vc_column][vc_row_inner layout=\u00a0\u00bbboxed\u00a0\u00bb parallax_style=\u00a0\u00bbnone\u00a0\u00bb parallax_scroll_effect=\u00a0\u00bbfixed\u00a0\u00bb][vc_column_inner]\t\t\t<div class=\"darna-partner-carousel opacity80  \" >\n\t\t\t    <div class=\"owl-carousel\" data-plugin-options='{\"items\" : 3, \"autoPlay\": false,\"pagination\": false,\"navigation\": false}'>\n                                        <div class=\"content-middle-inner\"><img loading=\"lazy\" decoding=\"async\" class=\"\" src=\"https:\/\/platrefrance.com\/wp-content\/uploads\/2019\/10\/SAINT-GOBAIN-e1570784190698.jpg\" width=\"100\" height=\"55\" alt=\"SAINT GOBAIN\" title=\"SAINT GOBAIN\" \/><\/div>\n                                            <div class=\"content-middle-inner\"><img loading=\"lazy\" decoding=\"async\" class=\"\" src=\"https:\/\/platrefrance.com\/wp-content\/uploads\/2019\/10\/FORMULA-SAINT-GOBAIN-e1570784176340.jpg\" width=\"100\" height=\"67\" alt=\"FORMULA SAINT GOBAIN\" title=\"FORMULA SAINT GOBAIN\" \/><\/div>\n                                            <div class=\"content-middle-inner\"><img loading=\"lazy\" decoding=\"async\" class=\"\" src=\"https:\/\/platrefrance.com\/wp-content\/uploads\/2019\/10\/PLACOPLATRE-e1570784151617.jpg\" width=\"100\" height=\"41\" alt=\"logo PLACO_RVB\" title=\"logo PLACO_RVB\" \/><\/div>\n                    \t\t\t    <\/div>\n            <\/div>\n            [\/vc_column_inner][\/vc_row_inner][\/vc_column][\/vc_row]<\/p>\n","protected":false},"excerpt":{"rendered":"<p>[vc_row layout=\u00a0\u00bbboxed\u00a0\u00bb parallax_style=\u00a0\u00bbnone\u00a0\u00bb parallax_scroll_effect=\u00a0\u00bbfixed\u00a0\u00bb el_class=\u00a0\u00bbmargin-bottom-100&Prime;][vc_column width=\u00a0\u00bb1\/2&Prime;][vc_row_inner parallax_style=\u00a0\u00bbnone\u00a0\u00bb video_link=\u00a0\u00bb\u00a0\u00bb parallax_scroll_effect=\u00a0\u00bbfixed\u00a0\u00bb][vc_column_inner width=\u00a0\u00bb1\/2&Prime;][vc_single_image image=\u00a0\u00bb1172&Prime; img_size=\u00a0\u00bbfull\u00a0\u00bb alignment=\u00a0\u00bbcenter\u00a0\u00bb el_class=\u00a0\u00bbdarna-single-image-style xs-margin-bottom-15&Prime;][\/vc_column_inner][vc_column_inner width=\u00a0\u00bb1\/2&Prime;][vc_single_image image=\u00a0\u00bb1156&Prime; img_size=\u00a0\u00bbfull\u00a0\u00bb alignment=\u00a0\u00bbcenter\u00a0\u00bb el_class=\u00a0\u00bbdarna-single-image-style\u00a0\u00bb css=\u00a0\u00bb.vc_custom_1571054543979{margin-bottom: 18px !important;}\u00a0\u00bb][vc_single_image image=\u00a0\u00bb1175&Prime; img_size=\u00a0\u00bbfull\u00a0\u00bb alignment=\u00a0\u00bbcenter\u00a0\u00bb el_class=\u00a0\u00bbdarna-single-image-style xs-margin-bottom-15&Prime;][\/vc_column_inner][\/vc_row_inner][\/vc_column][vc_column width=\u00a0\u00bb1\/2&Prime;][vc_row_inner parallax_style=\u00a0\u00bbnone\u00a0\u00bb parallax_scroll_effect=\u00a0\u00bbfixed\u00a0\u00bb el_class=\u00a0\u00bbdarna-list-style\u00a0\u00bb css=\u00a0\u00bb.vc_custom_1437821641282{margin-top: 9px !important;margin-bottom: 38px !important;}\u00a0\u00bb][vc_column_inner width=\u00a0\u00bb1\/2&Prime;][vc_column_text] Distributeur de Placopl\u00e2tre &#8211; Saint-Gobain Formula Reconnus pour notre gypse de haute qualit\u00e9 et notre comp\u00e9tence technique [&hellip;]<\/p>\n","protected":false},"author":1,"featured_media":0,"parent":0,"menu_order":0,"comment_status":"closed","ping_status":"closed","template":"","meta":{"footnotes":""},"class_list":["post-115","page","type-page","status-publish","hentry"],"_links":{"self":[{"href":"https:\/\/platrefrance.com\/home\/wp-json\/wp\/v2\/pages\/115","targetHints":{"allow":["GET"]}}],"collection":[{"href":"https:\/\/platrefrance.com\/home\/wp-json\/wp\/v2\/pages"}],"about":[{"href":"https:\/\/platrefrance.com\/home\/wp-json\/wp\/v2\/types\/page"}],"author":[{"embeddable":true,"href":"https:\/\/platrefrance.com\/home\/wp-json\/wp\/v2\/users\/1"}],"replies":[{"embeddable":true,"href":"https:\/\/platrefrance.com\/home\/wp-json\/wp\/v2\/comments?post=115"}],"version-history":[{"count":36,"href":"https:\/\/platrefrance.com\/home\/wp-json\/wp\/v2\/pages\/115\/revisions"}],"predecessor-version":[{"id":1792,"href":"https:\/\/platrefrance.com\/home\/wp-json\/wp\/v2\/pages\/115\/revisions\/1792"}],"wp:attachment":[{"href":"https:\/\/platrefrance.com\/home\/wp-json\/wp\/v2\/media?parent=115"}],"curies":[{"name":"wp","href":"https:\/\/api.w.org\/{rel}","templated":true}]}}