{"id":121,"date":"2015-07-18T09:28:32","date_gmt":"2015-07-18T09:28:32","guid":{"rendered":"https:\/\/platrefrance.com\/?page_id=121"},"modified":"2021-06-25T14:16:59","modified_gmt":"2021-06-25T14:16:59","slug":"our-services","status":"publish","type":"page","link":"https:\/\/platrefrance.com\/home\/our-services\/","title":{"rendered":"A propos"},"content":{"rendered":"<p>[vc_row layout=\u00a0\u00bbboxed\u00a0\u00bb parallax_style=\u00a0\u00bbnone\u00a0\u00bb parallax_scroll_effect=\u00a0\u00bbfixed\u00a0\u00bb][vc_column]\t\t\t<div\n\t\t\t\tclass=\"darna-heading style1 margin-bottom-40\" >\n\t\t\t\t\t\t\t\t\t<h2>Les march\u00e9s sur lesquels nous op\u00e9rons<\/h2>\n\t\t\t\t\t\t\t\t\t\t\t\t\t<p>Cinq grands march\u00e9s<\/p>\n\t\t\t\t\t\t\t<\/div>\n\t\t\t[vc_row_inner parallax_style=\u00a0\u00bbnone\u00a0\u00bb parallax_scroll_effect=\u00a0\u00bbfixed\u00a0\u00bb el_class=\u00a0\u00bbmargin-bottom-65&Prime;][vc_column_inner el_class=\u00a0\u00bbcol-md-4 col-sm-6 col-xs-12 margin-bottom-35&Prime; width=\u00a0\u00bb1\/5&Prime; offset=\u00a0\u00bbvc_col-lg-offset-1\/5 vc_col-lg-1\/5 vc_col-md-offset-1\/5 vc_col-md-1\/5 vc_col-sm-offset-1\/5 vc_col-xs-offset-1\/5&Prime;]\t\t\t<div\n\t\t\t\tclass=\"darna-icon-box style1 \" >\n\t\t\t\t<a class=\"ibox-icon\" title=\"\"\n\t\t\t\t   target=\"_self\" href=\"https:\/\/platrefrance.com\/home\/categorie-produit\/ceramique\/\">\n\t\t\t\t\t\t\t\t\t\t\t<i class=\"fa fa-coffee\"><\/i>\n\t\t\t\t\t\t\t\t\t<\/a>\n\t\t\t\t\t\t\t\t\t<h3><a title=\"\" target=\"_self\"\n\t\t\t\t\t       href=\"https:\/\/platrefrance.com\/home\/categorie-produit\/ceramique\/\">C\u00c9RAMIQUE<\/a><\/h3>\n\t\t\t\t\t\t\t\t\t<p>Depuis le modelage jusqu'\u00e0 la production de moules en pl\u00e2tre, Saint-Gobain Formula offre des solutions innovantes uniques pour chaque process c\u00e9ramique : dans les arts de la table, le march\u00e9 du sanitaire, ou la tuilerie.<\/p>\n\t\t\t\t\t\t\t<\/div>\n\t\t\t[\/vc_column_inner][vc_column_inner el_class=\u00a0\u00bbcol-md-4 col-sm-6 col-xs-12 margin-bottom-35&Prime; width=\u00a0\u00bb1\/5&Prime;]\t\t\t<div\n\t\t\t\tclass=\"darna-icon-box style1 \" >\n\t\t\t\t<a class=\"ibox-icon\" title=\"\"\n\t\t\t\t   target=\"_self\" href=\"https:\/\/platrefrance.com\/home\/categorie-produit\/sculpture\/\">\n\t\t\t\t\t\t\t\t\t\t\t<i class=\"fa fa-paint-brush\"><\/i>\n\t\t\t\t\t\t\t\t\t<\/a>\n\t\t\t\t\t\t\t\t\t<h3><a title=\"\" target=\"_self\"\n\t\t\t\t\t       href=\"https:\/\/platrefrance.com\/home\/categorie-produit\/sculpture\/\">ART &amp; SCULPTURE<\/a><\/h3>\n\t\t\t\t\t\t\t\t\t<p>Les solutions \u00e0 base de pl\u00e2tre de Saint-Gobain Formula s'utilisent dans de multiples applications notamment le modelage et le coulage de pi\u00e8ces d\u2019art. Dans les applications artistiques, les pl\u00e2tres Saint-Gobain Formula sont principalement utilis\u00e9s pour le modelage, la sculpture et le coulage.<\/p>\n\t\t\t\t\t\t\t<\/div>\n\t\t\t[\/vc_column_inner][vc_column_inner el_class=\u00a0\u00bbcol-md-4 col-sm-6 col-xs-12 margin-bottom-35&Prime; width=\u00a0\u00bb1\/5&Prime;]\t\t\t<div\n\t\t\t\tclass=\"darna-icon-box style1 \" >\n\t\t\t\t<a class=\"ibox-icon\" title=\"\"\n\t\t\t\t   target=\"_self\" href=\"https:\/\/platrefrance.com\/home\/categorie-produit\/staff\/\">\n\t\t\t\t\t\t\t\t\t\t\t<i class=\"flaticon-water29\"><\/i>\n\t\t\t\t\t\t\t\t\t<\/a>\n\t\t\t\t\t\t\t\t\t<h3><a title=\"\" target=\"_self\"\n\t\t\t\t\t       href=\"https:\/\/platrefrance.com\/home\/categorie-produit\/staff\/\">STAFF<\/a><\/h3>\n\t\t\t\t\t\t\t\t\t<p>Les pl\u00e2tres Formula s'utilisent \u00e0 la fois dans le staff traditionnel et le GRG (pl\u00e2tre renforc\u00e9 avec des fibres de verre). Des solutions \u00e0 base de pl\u00e2tre d\u00e9di\u00e9es \u00e0 l'optimisation de l'installation des travaux sur sites comme les fixations ou les joints de finition.<\/p>\n\t\t\t\t\t\t\t<\/div>\n\t\t\t[\/vc_column_inner][vc_column_inner el_class=\u00a0\u00bbcol-md-4 col-sm-6 col-xs-12 margin-bottom-35&Prime; width=\u00a0\u00bb1\/5&Prime;]\t\t\t<div\n\t\t\t\tclass=\"darna-icon-box style1 \" >\n\t\t\t\t<a class=\"ibox-icon\" title=\"\"\n\t\t\t\t   target=\"_self\" href=\"https:\/\/platrefrance.com\/home\/categorie-produit\/dentaire\/\">\n\t\t\t\t\t\t\t\t\t\t\t<i class=\"fa fa-user-md\"><\/i>\n\t\t\t\t\t\t\t\t\t<\/a>\n\t\t\t\t\t\t\t\t\t<h3><a title=\"\" target=\"_self\"\n\t\t\t\t\t       href=\"https:\/\/platrefrance.com\/home\/categorie-produit\/dentaire\/\">DENTAIRE<\/a><\/h3>\n\t\t\t\t\t\t\t\t\t<p>Saint-Gobain Formula propose une gamme compl\u00e8te de produits \u00e0 base de sulfate de calcium pour les applications dentaires, m\u00e9dicales et cosm\u00e9tiques, qui r\u00e9pondent aux standards \u00e9lev\u00e9s demand\u00e9s par les industriels.<\/p>\n\t\t\t\t\t\t\t<\/div>\n\t\t\t[\/vc_column_inner][vc_column_inner el_class=\u00a0\u00bbcol-md-4 col-sm-6 col-xs-12 margin-bottom-35&Prime; width=\u00a0\u00bb1\/5&Prime;]\t\t\t<div\n\t\t\t\tclass=\"darna-icon-box style1 \" >\n\t\t\t\t<a class=\"ibox-icon\" title=\"\"\n\t\t\t\t   target=\"_self\" href=\"https:\/\/platrefrance.com\/home\/categorie-produit\/decoratif\/\">\n\t\t\t\t\t\t\t\t\t\t\t<i class=\"flaticon-paint49\"><\/i>\n\t\t\t\t\t\t\t\t\t<\/a>\n\t\t\t\t\t\t\t\t\t<h3><a title=\"\" target=\"_self\"\n\t\t\t\t\t       href=\"https:\/\/platrefrance.com\/home\/categorie-produit\/decoratif\/\">D\u00c9CORATIF<\/a><\/h3>\n\t\t\t\t\t\t\t\t\t<p>Les solutions \u00e0 base de pl\u00e2tre de Saint-Gobain Formula s'utilisent dans de multiples applications de staff, de stuc, de d\u00e9coration et de pose. Les applications possibles s'\u00e9tendent de la conception int\u00e9rieure dans le(s) travaux neufs, mais aussi de la r\u00e9novation de b\u00e2timents historiques et jusqu'au modelage et au coulage de pi\u00e8ces d\u2019art.<\/p>\n\t\t\t\t\t\t\t<\/div>\n\t\t\t[\/vc_column_inner][\/vc_row_inner][\/vc_column][\/vc_row][vc_row parallax=\u00a0\u00bbcontent-moving\u00a0\u00bb overlay_set=\u00a0\u00bbshow_overlay_color\u00a0\u00bb overlay_color=\u00a0\u00bb#000000&Prime; overlay_opacity=\u00a0\u00bb75&Prime; parallax_style=\u00a0\u00bbvertical-parallax\u00a0\u00bb parallax_scroll_effect=\u00a0\u00bbfixed\u00a0\u00bb css=\u00a0\u00bb.vc_custom_1444121608521{background-image: url(https:\/\/platrefrance.com\/wp-content\/uploads\/2015\/07\/bg-process.jpg?id=267) !important;}\u00a0\u00bb][vc_column][vc_row_inner layout=\u00a0\u00bbboxed\u00a0\u00bb parallax_style=\u00a0\u00bbnone\u00a0\u00bb parallax_scroll_effect=\u00a0\u00bbfixed\u00a0\u00bb el_class=\u00a0\u00bbmargin-bottom-100 margin-top-100&Prime;][vc_column_inner el_class=\u00a0\u00bbcol-md-3 col-sm-12 col-xs-12&Prime; width=\u00a0\u00bb1\/4&Prime;]\t\t\t<div\n\t\t\t\tclass=\"darna-process style1  \" >\n\t\t\t\t\t\t\t\t\t\t\t\t\t<h3>01\t\t\t\t\t\t\t<i class=\"fa fa-long-arrow-right\"><\/i>\n\t\t\t\t\t\t\t\t\t\t\t<\/h3>\n\t\t\t\t\t\t\t\t\t\t\t\t\t<h2>\n\t\t\t\t\t\t<a target=\"_self\"\n\t\t\t\t\t\t   href=\"#\">APPROVISIONNEMENT<\/a>\n\t\t\t\t\t<\/h2>\n\t\t\t\t\t\t\t\t\t<p>Gr\u00e2ce \u00e0 un approvisionnement imm\u00e9diat en gros volume, nos co\u00fbts sont ma\u00eetris\u00e9s pour minimiser l\u2019impact budg\u00e9taire li\u00e9 \u00e0 vos achats.<\/p>\n\t\t\t\t\t\t\t<\/div>\n\t\t\t[\/vc_column_inner][vc_column_inner el_class=\u00a0\u00bbcol-md-3 col-sm-12 col-xs-12&Prime; width=\u00a0\u00bb1\/4&Prime;]\t\t\t<div\n\t\t\t\tclass=\"darna-process style1  \" >\n\t\t\t\t\t\t\t\t\t\t\t\t\t<h3>02\t\t\t\t\t\t\t<i class=\"fa fa-long-arrow-right\"><\/i>\n\t\t\t\t\t\t\t\t\t\t\t<\/h3>\n\t\t\t\t\t\t\t\t\t\t\t\t\t<h2>\n\t\t\t\t\t\t<a target=\"_self\"\n\t\t\t\t\t\t   href=\"#\">STOCKAGE<\/a>\n\t\t\t\t\t<\/h2>\n\t\t\t\t\t\t\t\t\t<p>Notre entrep\u00f4t, d\u2019une surface utile de 2200 m\u00b2 de stock disponible, vous assure un approvisionnement imm\u00e9diat, en gros ou moyen volume.<\/p>\n\t\t\t\t\t\t\t<\/div>\n\t\t\t[\/vc_column_inner][vc_column_inner el_class=\u00a0\u00bbcol-md-3 col-sm-12 col-xs-12&Prime; width=\u00a0\u00bb1\/4&Prime;]\t\t\t<div\n\t\t\t\tclass=\"darna-process style1  \" >\n\t\t\t\t\t\t\t\t\t\t\t\t\t<h3>03\t\t\t\t\t\t\t<i class=\"fa fa-long-arrow-right\"><\/i>\n\t\t\t\t\t\t\t\t\t\t\t<\/h3>\n\t\t\t\t\t\t\t\t\t\t\t\t\t<h2>\n\t\t\t\t\t\t<a target=\"_self\"\n\t\t\t\t\t\t   href=\"#\">CONDITIONNEMENT<\/a>\n\t\t\t\t\t<\/h2>\n\t\t\t\t\t\t\t\t\t<p>Tous nos pl\u00e2tres sont conditionn\u00e9s dans des sacs r\u00e9sistants et adapt\u00e9s. Nous vous livrons sur palette votre commande.<\/p>\n\t\t\t\t\t\t\t<\/div>\n\t\t\t[\/vc_column_inner][vc_column_inner el_class=\u00a0\u00bbcol-md-3 col-sm-12 col-xs-12&Prime; width=\u00a0\u00bb1\/4&Prime;]\t\t\t<div\n\t\t\t\tclass=\"darna-process style1  \" >\n\t\t\t\t\t\t\t\t\t\t\t\t\t<h3>04\t\t\t\t\t<\/h3>\n\t\t\t\t\t\t\t\t\t\t\t\t\t<h2>\n\t\t\t\t\t\t<a target=\"_self\"\n\t\t\t\t\t\t   href=\"#\">LIVRAISON<\/a>\n\t\t\t\t\t<\/h2>\n\t\t\t\t\t\t\t\t\t<p>Nous livrons partout en France, en Belgique et au Luxembourg avec nos partenaires transporteurs dans un d\u00e9lai optimum.<\/p>\n\t\t\t\t\t\t\t<\/div>\n\t\t\t[\/vc_column_inner][\/vc_row_inner][\/vc_column][\/vc_row][vc_row parallax_style=\u00a0\u00bbnone\u00a0\u00bb parallax_scroll_effect=\u00a0\u00bbfixed\u00a0\u00bb css=\u00a0\u00bb.vc_custom_1437736890781{background-color: #f8f8f8 !important;}\u00a0\u00bb][vc_column]\t\t\t<div\n\t\t\t\tclass=\"darna-heading style1 margin-top-100 margin-bottom-40\" >\n\t\t\t\t\t\t\t\t\t<h2>Les proc\u00e9d\u00e9s d'utilisation possibles<\/h2>\n\t\t\t\t\t\t\t\t\t\t\t\t\t<p>Cinq proc\u00e9d\u00e9s d'application<\/p>\n\t\t\t\t\t\t\t<\/div>\n\t\t\t[vc_row_inner layout=\u00a0\u00bbboxed\u00a0\u00bb parallax_style=\u00a0\u00bbnone\u00a0\u00bb parallax_scroll_effect=\u00a0\u00bbfixed\u00a0\u00bb el_class=\u00a0\u00bbmargin-bottom-100&Prime;][vc_column_inner]\t\t\t<div data-plugin-options='{&quot;navigation&quot;:true,&quot;pagination&quot;:false,&quot;singleItem&quot;:false,&quot;stopOnHover&quot;:false,&quot;autoHeight&quot;:false,&quot;autoPlay&quot;:true,&quot;items&quot;:4,&quot;itemsDesktop&quot;:[4],&quot;itemsDesktopSmall&quot;:[4],&quot;itemsTablet&quot;:[2],&quot;itemsTabletSmall&quot;:[2],&quot;itemsMobile&quot;:[1],&quot;itemsScaleUp&quot;:false}'\n\t\t\t     class=\"darna-slider-container owl-carousel  \" >\n\t\t\t\t\t\t\t<div\n\t\t\t\tclass=\"darna-icon-box style2 \" >\n\t\t\t\t<a class=\"ibox-icon\" title=\"\"\n\t\t\t\t   target=\"_self\" href=\"#\">\n\t\t\t\t\t\t\t\t\t\t\t<i class=\"fa fa-tint\"><\/i>\n\t\t\t\t\t\t\t\t\t<\/a>\n\t\t\t\t\t\t\t\t\t<h3><a title=\"\" target=\"_self\"\n\t\t\t\t\t       href=\"#\">COULAGE TRADITIONNEL<\/a><\/h3>\n\t\t\t\t\t\t\t\t\t<p>Nous offrons une gamme compl\u00e8te de solutions qui s\u2019adaptent au process de chaque usine c\u00e9ramique, ainsi qu\u2019\u00e0 tous types de barbotine, comme la porcelaine, le vitreous, le gr\u00e8s ou les r\u00e9fractaires. Nos solutions conviennent au coulage traditionnel, au coulage entre-deux-pl\u00e2tres, pour une ou plusieurs coul\u00e9es par jours. Nous garantissons un \u00e9tat de surface impeccable, une parfaite reproduction des d\u00e9tails. En contr\u00f4lant la porosit\u00e9 de son pl\u00e2tre, Saint-Gobain Formula est en mesure d\u2019optimiser la capacit\u00e9 d'absorption des moules, ce qui permet aux c\u00e9ramistes d\u2019augmenter les vitesses de production et d\u2019optimiser la dur\u00e9e de vie des moules.<\/p>\n\t\t\t\t\t\t\t<\/div>\n\t\t\t\t\t\t<div\n\t\t\t\tclass=\"darna-icon-box style2 \" >\n\t\t\t\t<a class=\"ibox-icon\" title=\"\"\n\t\t\t\t   target=\"_self\" href=\"#\">\n\t\t\t\t\t\t\t\t\t\t\t<i class=\"flaticon-cube9\"><\/i>\n\t\t\t\t\t\t\t\t\t<\/a>\n\t\t\t\t\t\t\t\t\t<h3><a title=\"\" target=\"_self\"\n\t\t\t\t\t       href=\"#\">CALIBRAGE<\/a><\/h3>\n\t\t\t\t\t\t\t\t\t<p>Nous vous proposons une gamme de produits sp\u00e9cifique aux applications calibrage bosse et calibrage creux. Avec une gamme compl\u00e8te pour le calibrage, Saint-Gobain Formula est en mesure d'\u00e9valuer les besoins du process et de proposer une solution optimale adapt\u00e9e aux contraintes de chaque usine : dur\u00e9e de vie des moules et perm\u00e9abilit\u00e9, tout en s\u2019adaptant au contrainte de production (organisation de production, processus utilis\u00e9s ou taille des s\u00e9ries).<\/p>\n\t\t\t\t\t\t\t<\/div>\n\t\t\t\t\t\t<div\n\t\t\t\tclass=\"darna-icon-box style2 \" >\n\t\t\t\t<a class=\"ibox-icon\" title=\"\"\n\t\t\t\t   target=\"_self\" href=\"#\">\n\t\t\t\t\t\t\t\t\t\t\t<i class=\"flaticon-microscope4\"><\/i>\n\t\t\t\t\t\t\t\t\t<\/a>\n\t\t\t\t\t\t\t\t\t<h3><a title=\"\" target=\"_self\"\n\t\t\t\t\t       href=\"#\">RAM PRESS<\/a><\/h3>\n\t\t\t\t\t\t\t\t\t<p>Nos produits destin\u00e9s au Ram Process offrent une dur\u00e9e de vie du moule maximale ainsi qu\u2019une excellente perm\u00e9abilit\u00e9 pour am\u00e9liorer la productivit\u00e9. Le formage de la pi\u00e8ce c\u00e9ramique est r\u00e9alis\u00e9 en exer\u00e7ant une pression \u00e9lev\u00e9e sur la p\u00e2te c\u00e9ramique plastique entre deux parties du moule utilisant un pl\u00e2tre tr\u00e8s r\u00e9sistant. Le moule est \u00e9quip\u00e9 d'un r\u00e9seau poreux permettant de souffler de l\u2019air lors du d\u00e9moulage pour \u00e9vacuer l\u2019eau contenue dans le moule.<\/p>\n\t\t\t\t\t\t\t<\/div>\n\t\t\t\t\t\t<div\n\t\t\t\tclass=\"darna-icon-box style2 \" >\n\t\t\t\t<a class=\"ibox-icon\" title=\"\"\n\t\t\t\t   target=\"_self\" href=\"#\">\n\t\t\t\t\t\t\t\t\t\t\t<i class=\"flaticon-switch9\"><\/i>\n\t\t\t\t\t\t\t\t\t<\/a>\n\t\t\t\t\t\t\t\t\t<h3><a title=\"\" target=\"_self\"\n\t\t\t\t\t       href=\"#\">MODELAGE<\/a><\/h3>\n\t\t\t\t\t\t\t\t\t<p>Depuis le modelage jusqu'\u00e0 la production de moules en pl\u00e2tre, nous offrons des solutions de pl\u00e2tres innovantes et uniques pour chaque process c\u00e9ramique : dans les arts de la table, le march\u00e9 du sanitaire, ou la tuilerie. Nous vous proposons des solutions adapt\u00e9es \u00e0 vos exigences \u00e0 chaque \u00e9tape de votre cr\u00e9ation, de la conception \u00e0 la fabrication d'outils de pl\u00e2tre : d\u00e9tails fins, maniabilit\u00e9 et blancheur pour le modelage, enduits d'une stabilit\u00e9 extr\u00eame et d'une stabilit\u00e9 dimensionnelle sans faille pour le modelage ou la formulation sp\u00e9ciale adapt\u00e9e au prototypage.<\/p>\n\t\t\t\t\t\t\t<\/div>\n\t\t\t\t\t\t<div\n\t\t\t\tclass=\"darna-icon-box style2 \" >\n\t\t\t\t<a class=\"ibox-icon\" title=\"\"\n\t\t\t\t   target=\"_self\" href=\"#\">\n\t\t\t\t\t\t\t\t\t\t\t<i class=\"fa fa-code-fork\"><\/i>\n\t\t\t\t\t\t\t\t\t<\/a>\n\t\t\t\t\t\t\t\t\t<h3><a title=\"\" target=\"_self\"\n\t\t\t\t\t       href=\"#\">M\u00c8RE DE MOULE<\/a><\/h3>\n\t\t\t\t\t\t\t\t\t<p>Formula Saint-Gobain propose des enduits de duret\u00e9 extr\u00eame et de stabilit\u00e9 dimensionnelle sans faille pour les m\u00e8res de moule. Ces m\u00e8res de moule sont utilis\u00e9s pour cr\u00e9er des moules de travail pour des applications de coulage, calibrage et ram press.<\/p>\n\t\t\t\t\t\t\t<\/div>\n\t\t\t\t\t\t<\/div>\n\t\t\t[\/vc_column_inner][\/vc_row_inner][\/vc_column][\/vc_row][vc_row parallax_style=\u00a0\u00bbnone\u00a0\u00bb parallax_scroll_effect=\u00a0\u00bbfixed\u00a0\u00bb css=\u00a0\u00bb.vc_custom_1438058497225{background-image: url(https:\/\/platrefrance.com\/wp-content\/uploads\/2015\/07\/bg.jpg?id=624) !important;background-position: 0 0 !important;background-repeat: repeat !important;}\u00a0\u00bb][vc_column][vc_row_inner layout=\u00a0\u00bbboxed\u00a0\u00bb parallax_style=\u00a0\u00bbnone\u00a0\u00bb parallax_scroll_effect=\u00a0\u00bbfixed\u00a0\u00bb][vc_column_inner el_class=\u00a0\u00bbcol-md-3 col-sm-6 col-xs-12&Prime; width=\u00a0\u00bb1\/4&Prime;]\t\t\t<div class=\"darna-counter \">\n\t\t\t\t\t\t\t\t\t<span class=\"display-percentage\" style=\"color: \"\n\t\t\t\t\t\t  data-percentage=\"56\">56<\/span>\n\t\t\t\t\t\t\t\t\t\t\t<p class=\"counter-title\" style=\"color: \">PROJETS ACCOMPLIS<\/p>\n\t\t\t\t\t\t\t\t<\/div>\n\t\t\t[\/vc_column_inner][vc_column_inner el_class=\u00a0\u00bbcol-md-3 col-sm-6 col-xs-12&Prime; width=\u00a0\u00bb1\/4&Prime;]\t\t\t<div class=\"darna-counter \">\n\t\t\t\t\t\t\t\t\t<span class=\"display-percentage\" style=\"color: \"\n\t\t\t\t\t\t  data-percentage=\"5\">5<\/span>\n\t\t\t\t\t\t\t\t\t\t\t<p class=\"counter-title\" style=\"color: \">EMPLOY\u00c9S<\/p>\n\t\t\t\t\t\t\t\t<\/div>\n\t\t\t[\/vc_column_inner][vc_column_inner el_class=\u00a0\u00bbcol-md-3 col-sm-6 col-xs-12&Prime; width=\u00a0\u00bb1\/4&Prime;]\t\t\t<div class=\"darna-counter \">\n\t\t\t\t\t\t\t\t\t<span class=\"display-percentage\" style=\"color: \"\n\t\t\t\t\t\t  data-percentage=\"250\">250<\/span>\n\t\t\t\t\t\t\t\t\t\t\t<p class=\"counter-title\" style=\"color: \">CLIENTS SATISFAITS<\/p>\n\t\t\t\t\t\t\t\t<\/div>\n\t\t\t[\/vc_column_inner][vc_column_inner el_class=\u00a0\u00bbcol-md-3 col-sm-6 col-xs-12&Prime; width=\u00a0\u00bb1\/4&Prime;]\t\t\t<div class=\"darna-counter \">\n\t\t\t\t\t\t\t\t\t<span class=\"display-percentage\" style=\"color: \"\n\t\t\t\t\t\t  data-percentage=\"1\">1<\/span>\n\t\t\t\t\t\t\t\t\t\t\t<p class=\"counter-title\" style=\"color: \">FOURNISSEUR EXCLUSIF<\/p>\n\t\t\t\t\t\t\t\t<\/div>\n\t\t\t[\/vc_column_inner][\/vc_row_inner][\/vc_column][\/vc_row]<\/p>\n","protected":false},"excerpt":{"rendered":"<p>[vc_row layout=\u00a0\u00bbboxed\u00a0\u00bb parallax_style=\u00a0\u00bbnone\u00a0\u00bb parallax_scroll_effect=\u00a0\u00bbfixed\u00a0\u00bb][vc_column][vc_row_inner parallax_style=\u00a0\u00bbnone\u00a0\u00bb parallax_scroll_effect=\u00a0\u00bbfixed\u00a0\u00bb el_class=\u00a0\u00bbmargin-bottom-65&Prime;][vc_column_inner el_class=\u00a0\u00bbcol-md-4 col-sm-6 col-xs-12 margin-bottom-35&Prime; width=\u00a0\u00bb1\/5&Prime; offset=\u00a0\u00bbvc_col-lg-offset-1\/5 vc_col-lg-1\/5 vc_col-md-offset-1\/5 vc_col-md-1\/5 vc_col-sm-offset-1\/5 vc_col-xs-offset-1\/5&Prime;][\/vc_column_inner][vc_column_inner el_class=\u00a0\u00bbcol-md-4 col-sm-6 col-xs-12 margin-bottom-35&Prime; width=\u00a0\u00bb1\/5&Prime;][\/vc_column_inner][vc_column_inner el_class=\u00a0\u00bbcol-md-4 col-sm-6 col-xs-12 margin-bottom-35&Prime; width=\u00a0\u00bb1\/5&Prime;][\/vc_column_inner][vc_column_inner el_class=\u00a0\u00bbcol-md-4 col-sm-6 col-xs-12 margin-bottom-35&Prime; width=\u00a0\u00bb1\/5&Prime;][\/vc_column_inner][vc_column_inner el_class=\u00a0\u00bbcol-md-4 col-sm-6 col-xs-12 margin-bottom-35&Prime; width=\u00a0\u00bb1\/5&Prime;][\/vc_column_inner][\/vc_row_inner][\/vc_column][\/vc_row][vc_row parallax=\u00a0\u00bbcontent-moving\u00a0\u00bb overlay_set=\u00a0\u00bbshow_overlay_color\u00a0\u00bb overlay_color=\u00a0\u00bb#000000&Prime; overlay_opacity=\u00a0\u00bb75&Prime; parallax_style=\u00a0\u00bbvertical-parallax\u00a0\u00bb parallax_scroll_effect=\u00a0\u00bbfixed\u00a0\u00bb css=\u00a0\u00bb.vc_custom_1444121608521{background-image: url(https:\/\/platrefrance.com\/wp-content\/uploads\/2015\/07\/bg-process.jpg?id=267) !important;}\u00a0\u00bb][vc_column][vc_row_inner layout=\u00a0\u00bbboxed\u00a0\u00bb parallax_style=\u00a0\u00bbnone\u00a0\u00bb parallax_scroll_effect=\u00a0\u00bbfixed\u00a0\u00bb el_class=\u00a0\u00bbmargin-bottom-100 margin-top-100&Prime;][vc_column_inner el_class=\u00a0\u00bbcol-md-3 col-sm-12 col-xs-12&Prime; [&hellip;]<\/p>\n","protected":false},"author":1,"featured_media":0,"parent":0,"menu_order":0,"comment_status":"closed","ping_status":"closed","template":"","meta":{"footnotes":""},"class_list":["post-121","page","type-page","status-publish","hentry"],"_links":{"self":[{"href":"https:\/\/platrefrance.com\/home\/wp-json\/wp\/v2\/pages\/121","targetHints":{"allow":["GET"]}}],"collection":[{"href":"https:\/\/platrefrance.com\/home\/wp-json\/wp\/v2\/pages"}],"about":[{"href":"https:\/\/platrefrance.com\/home\/wp-json\/wp\/v2\/types\/page"}],"author":[{"embeddable":true,"href":"https:\/\/platrefrance.com\/home\/wp-json\/wp\/v2\/users\/1"}],"replies":[{"embeddable":true,"href":"https:\/\/platrefrance.com\/home\/wp-json\/wp\/v2\/comments?post=121"}],"version-history":[{"count":34,"href":"https:\/\/platrefrance.com\/home\/wp-json\/wp\/v2\/pages\/121\/revisions"}],"predecessor-version":[{"id":2052,"href":"https:\/\/platrefrance.com\/home\/wp-json\/wp\/v2\/pages\/121\/revisions\/2052"}],"wp:attachment":[{"href":"https:\/\/platrefrance.com\/home\/wp-json\/wp\/v2\/media?parent=121"}],"curies":[{"name":"wp","href":"https:\/\/api.w.org\/{rel}","templated":true}]}}