{"id":26,"date":"2019-10-10T08:59:05","date_gmt":"2019-10-10T08:59:05","guid":{"rendered":"https:\/\/platrefrance.com\/home\/?page_id=26"},"modified":"2024-08-02T07:41:32","modified_gmt":"2024-08-02T07:41:32","slug":"mentions-legales","status":"publish","type":"page","link":"https:\/\/platrefrance.com\/home\/mentions-legales\/","title":{"rendered":"MENTIONS L\u00c9GALES"},"content":{"rendered":"\n<p><\/p>\n\n\n\n<p><\/p>\n\n\n\n<h4 class=\"wp-block-heading\">Informations L\u00e9gales<\/h4>\n\n\n\n<p>Les produits achet\u00e9s sur platrefance.com sont vendus directement par SARL Escure Emballages au capital social de 8000\u20ac  immatricul\u00e9e  au registre du commerce RCS de Limoges  sous le num\u00e9ro  SIRET&nbsp;: 50809721900010  et sous le num\u00e9ro intracommunautaire FR10508097219.  La soci\u00e9t\u00e9, dont le si\u00e8ge social est situ\u00e9 9 rue Jean Dorat 87100 Limoges, est sp\u00e9cialis\u00e9e dans le secteur d&rsquo;activit\u00e9 du commerce de gros (commerce interentreprises) et d&rsquo;autres produits interm\u00e9diaires. Parall\u00e8lement \u00e0 son r\u00e9seau de distribution, SARL Escure Emballages  propose un syst\u00e8me de vente en ligne des articles mentionn\u00e9s via son site internet sur platrefrance.com .<\/p>\n\n\n\n<p>Les informations recueillies font l\u2019objet d\u2019un traitement informatique destin\u00e9 uniquement \u00e0 permettre \u00e0 la soci\u00e9t\u00e9  SARL Escure Emballages d\u2019exercer son activit\u00e9,  SARL Escure Emballages \u00e9tant destinataire des donn\u00e9es recueillies au moment de l\u2019inscription sur le site www.platrefrance.com. <\/p>\n\n\n\n<p>Conform\u00e9ment \u00e0 la loi \u00ab informatique et libert\u00e9s \u00bb du 6 janvier 1978, vous b\u00e9n\u00e9ficiez d\u2019un droit d\u2019acc\u00e8s et de rectification aux informations qui vous concernent.<\/p>\n\n\n\n<p>Si vous souhaitez exercer ce droit et obtenir communication des informations vous concernant, veuillez vous adresser \u00e0 la soci\u00e9t\u00e9  SARL Escure Emballages :<br>\u2010 Par courrier \u00e0 l\u2019adresse suivante : 9 rue Jean Dorat 87100 Limoges<br>\u2010 Par email :<a href=\"mailto:contact@platrefrance.com\"> contact@platrefrance.com<\/a><\/p>\n\n\n\n<h4 class=\"wp-block-heading\">Cookies<\/h4>\n\n\n\n<p>L\u2019utilisateur est inform\u00e9 que, lors de ses visites sur le site&nbsp;<a href=\"http:\/\/www.nonsansraison.com\/\">www.platrefrance.com<\/a>, un cookie peut s\u2019installer automatiquement sur son logiciel de navigation. Un cookie est un \u00e9l\u00e9ment qui ne permet pas d\u2019identifier l\u2019utilisateur mais sert \u00e0 enregistrer des informations relatives \u00e0 la navigation de celui-ci sur le site internet. Le param\u00e9trage de votre logiciel de navigation permet d\u2019informer de la pr\u00e9sence de cookies, et \u00e9ventuellement de la refuser. Il y a un certain nombre de fa\u00e7ons pour vous permettre de g\u00e9rer les cookies. Chaque navigateur \u00e9tant diff\u00e9rent, nous vous invitons \u00e0 prendre connaissance avec le menu \u00ab Aide \u00bb de votre navigateur des r\u00e8gles de pr\u00e9f\u00e9rences concernant les cookies.<\/p>\n\n\n\n<p>Nos cookies ont pour finalit\u00e9 exclusive de permettre ou de faciliter la communication par voie \u00e9lectronique et sont strictement n\u00e9cessaires \u00e0 la fourniture de nos services de communication en ligne.<\/p>\n\n\n\n<p>Ce site utilise Google Analytics, un service d\u2019analyse de site Internet fourni par Google Inc. Google Analytics utilise des cookies, qui sont des fichiers texte plac\u00e9s sur votre ordinateur, pour aider le site internet \u00e0 analyser l\u2019utilisation du site par ses utilisateurs. Les donn\u00e9es g\u00e9n\u00e9r\u00e9es par les cookies, concernant votre utilisation du site (y compris votre adresse IP), seront transmises et stock\u00e9es par Google sur des serveurs situ\u00e9s aux Etats-Unis. Google utilisera cette information dans le but d\u2019\u00e9valuer votre utilisation du site, de compiler des rapports sur l\u2019activit\u00e9 du site \u00e0 destination de son \u00e9diteur et de fournir d\u2019autres services relatifs \u00e0 l\u2019activit\u00e9 du site et \u00e0 l\u2019utilisation d\u2019Internet. Google est susceptible de communiquer ces donn\u00e9es \u00e0 des tiers en cas d\u2019obligation l\u00e9gale ou lorsque ces tiers traitent ces donn\u00e9es pour le compte de Google, y compris notamment l\u2019\u00e9diteur de ce site. Google ne recoupera pas votre adresse IP avec toute autre donn\u00e9e d\u00e9tenue par Google. Vous pouvez d\u00e9sactiver l\u2019utilisation de cookies en s\u00e9lectionnant les param\u00e8tres appropri\u00e9s de votre navigateur. Cependant, une telle d\u00e9sactivation pourrait emp\u00eacher l\u2019utilisation de certaines fonctionnalit\u00e9s de ce site. En utilisant ce site Internet, vous consentez express\u00e9ment au traitement de vos donn\u00e9es nominatives par Google dans les conditions et pour les finalit\u00e9s d\u00e9crites ci-dessus.<\/p>\n\n\n\n<p>Nous avons \u00e9galement des cookies plus fonctionnels qui permettent de pr\u00e9-afficher vos identifiants de connexion \u00e0 votre compte client, de conserver votre session active vous \u00e9vitant ainsi de vous reconnecter, et de conserver en m\u00e9moire vos actions sur le site (par exemple : articles dans le panier). Ces cookies internes sont uniquement utilis\u00e9s pour le bon fonctionnent du site.<\/p>\n\n\n\n<div style=\"height:100px\" aria-hidden=\"true\" class=\"wp-block-spacer\"><\/div>\n\n\n\n<p><\/p>\n","protected":false},"excerpt":{"rendered":"<p>Informations L\u00e9gales Les produits achet\u00e9s sur platrefance.com sont vendus directement par SARL Escure Emballages au capital social de 8000\u20ac immatricul\u00e9e au registre du commerce RCS de Limoges sous le num\u00e9ro SIRET&nbsp;: 50809721900010 et sous le num\u00e9ro intracommunautaire FR10508097219. La soci\u00e9t\u00e9, dont le si\u00e8ge social est situ\u00e9 9 rue Jean Dorat 87100 Limoges, est sp\u00e9cialis\u00e9e dans [&hellip;]<\/p>\n","protected":false},"author":1,"featured_media":0,"parent":0,"menu_order":0,"comment_status":"closed","ping_status":"closed","template":"","meta":{"footnotes":""},"class_list":["post-26","page","type-page","status-publish","hentry"],"_links":{"self":[{"href":"https:\/\/platrefrance.com\/home\/wp-json\/wp\/v2\/pages\/26","targetHints":{"allow":["GET"]}}],"collection":[{"href":"https:\/\/platrefrance.com\/home\/wp-json\/wp\/v2\/pages"}],"about":[{"href":"https:\/\/platrefrance.com\/home\/wp-json\/wp\/v2\/types\/page"}],"author":[{"embeddable":true,"href":"https:\/\/platrefrance.com\/home\/wp-json\/wp\/v2\/users\/1"}],"replies":[{"embeddable":true,"href":"https:\/\/platrefrance.com\/home\/wp-json\/wp\/v2\/comments?post=26"}],"version-history":[{"count":5,"href":"https:\/\/platrefrance.com\/home\/wp-json\/wp\/v2\/pages\/26\/revisions"}],"predecessor-version":[{"id":3199,"href":"https:\/\/platrefrance.com\/home\/wp-json\/wp\/v2\/pages\/26\/revisions\/3199"}],"wp:attachment":[{"href":"https:\/\/platrefrance.com\/home\/wp-json\/wp\/v2\/media?parent=26"}],"curies":[{"name":"wp","href":"https:\/\/api.w.org\/{rel}","templated":true}]}}