{"id":30,"date":"2019-10-10T09:00:52","date_gmt":"2019-10-10T09:00:52","guid":{"rendered":"https:\/\/platrefrance.com\/home\/?page_id=30"},"modified":"2020-05-13T10:03:03","modified_gmt":"2020-05-13T10:03:03","slug":"notre-partenaire-saint-gobain","status":"publish","type":"page","link":"https:\/\/platrefrance.com\/home\/notre-partenaire-saint-gobain\/","title":{"rendered":"A propos"},"content":{"rendered":"<p>[vc_row layout=\u00a0\u00bbboxed\u00a0\u00bb][vc_column]\t\t\t<div\n\t\t\t\tclass=\"darna-heading style1 margin-bottom-40\" >\n\t\t\t\t\t\t\t\t\t<h2>Premier fournisseur de produits industriels \u00e0 base de sulfate de calcium<\/h2>\n\t\t\t\t\t\t\t\t\t\t\t<\/div>\n\t\t\t[vc_single_image image=\u00a0\u00bb1049&Prime; img_size=\u00a0\u00bblarge\u00a0\u00bb alignment=\u00a0\u00bbcenter\u00a0\u00bb]\t\t\t<div\n\t\t\t\tclass=\"darna-icon-box style3 margin-bottom-100\" >\n\t\t\t\t<a class=\"ibox-icon\" title=\"\"\n\t\t\t\t   target=\"_self\" href=\"#\">\n\t\t\t\t\t\t\t\t\t\t\t<i class=\"flaticon-34\"><\/i>\n\t\t\t\t\t\t\t\t\t<\/a>\n\t\t\t\t\t\t\t\t\t<p>Saint-Gobain Formula (anciennement BPB Formula) a \u00e9t\u00e9 officiellement fond\u00e9e en 1997 pour regrouper les activit\u00e9s des 4 principales entreprises internationales sp\u00e9cialis\u00e9es dans le pl\u00e2tre: B\u00f6rgardts, British Gypsum, Iberyeso et Pl\u00e2tres Lambert.<\/p>\n<p>Avec des d\u00e9cennies d\u2019exp\u00e9rience dans l\u2019extraction, la calcination, le m\u00e9lange et la formulation de sulfate de calcium, Saint-Gobain Formula a acquis une solide r\u00e9putation sur ces march\u00e9s en fournissant des produits innovants et de qualit\u00e9.<\/p>\n<p>Chacune de ces entreprises \u00e9tait r\u00e9put\u00e9e \u00e0 la fois sur le march\u00e9 national et international pour son gypse de haute qualit\u00e9 et pour sa comp\u00e9tence technique \u00e0 produire des pl\u00e2tres industriels adapt\u00e9s \u00e0 diverses applications industrielles sp\u00e9cialis\u00e9es.<\/p>\n\t\t\t\t\t\t\t<\/div>\n\t\t\t[\/vc_column][\/vc_row][vc_row][vc_column]\t\t\t<div\n\t\t\t\tclass=\"darna-heading style1 margin-bottom-60\" >\n\t\t\t\t\t\t\t\t\t<h2>LE PROCESS DE FABRICATION DU SULFATE DE CALCIUM<\/h2>\n\t\t\t\t\t\t\t\t\t\t\t<\/div>\n\t\t\t[\/vc_column][\/vc_row][vc_row overlay_set=\u00a0\u00bbshow_overlay_color\u00a0\u00bb overlay_color=\u00a0\u00bb#000000&Prime; overlay_opacity=\u00a0\u00bb75&Prime; parallax_style=\u00a0\u00bbvertical-parallax\u00a0\u00bb parallax_scroll_effect=\u00a0\u00bbfixed\u00a0\u00bb css=\u00a0\u00bb.vc_custom_1437733863979{background-image: url(https:\/\/platrefrance.com\/wp-content\/uploads\/2015\/07\/bg-process.jpg?id=267) !important;}\u00a0\u00bb el_class=\u00a0\u00bbmargin-bottom-100&Prime;][vc_column][vc_row_inner layout=\u00a0\u00bbboxed\u00a0\u00bb parallax_style=\u00a0\u00bbnone\u00a0\u00bb parallax_scroll_effect=\u00a0\u00bbfixed\u00a0\u00bb el_class=\u00a0\u00bbmargin-bottom-100 margin-top-100&Prime;][vc_column_inner el_class=\u00a0\u00bbcol-md-3 col-sm-12 col-xs-12&Prime; width=\u00a0\u00bb1\/4&Prime;]\t\t\t<div\n\t\t\t\tclass=\"darna-process style1  \" >\n\t\t\t\t\t\t\t\t\t\t\t\t\t<h3>01\t\t\t\t\t\t\t<i class=\"fa fa-long-arrow-right\"><\/i>\n\t\t\t\t\t\t\t\t\t\t\t<\/h3>\n\t\t\t\t\t\t\t\t\t\t\t\t\t<h2>\n\t\t\t\t\t\t<a target=\"_self\"\n\t\t\t\t\t\t   href=\"#\">EXTRACTION<\/a>\n\t\t\t\t\t<\/h2>\n\t\t\t\t\t\t\t\t\t<p>Le gypse est la forme naturelle hydrat\u00e9e du sulfate de calcium (CaSO4, 2H2O). C\u2019est un min\u00e9ral tr\u00e8s fr\u00e9quent dans les formations s\u00e9dimentaires, o\u00f9 il est souvent associ\u00e9 \u00e0 l\u2019anhydrite CaSO4, avec laquelle il constitue des roches dont le volume est tr\u00e8s important. L&#039;exploitation du gypse se fait actuellement, dans la plupart des cas, par gradins en carri\u00e8res \u00e0 ciel ouvert. Son extraction se fait \u00e0 partir d&#039;explosifs.<\/p>\n\t\t\t\t\t\t\t<\/div>\n\t\t\t[\/vc_column_inner][vc_column_inner el_class=\u00a0\u00bbcol-md-3 col-sm-12 col-xs-12&Prime; width=\u00a0\u00bb1\/4&Prime;]\t\t\t<div\n\t\t\t\tclass=\"darna-process style1  \" >\n\t\t\t\t\t\t\t\t\t\t\t\t\t<h3>02\t\t\t\t\t\t\t<i class=\"fa fa-long-arrow-right\"><\/i>\n\t\t\t\t\t\t\t\t\t\t\t<\/h3>\n\t\t\t\t\t\t\t\t\t\t\t\t\t<h2>\n\t\t\t\t\t\t<a target=\"_self\"\n\t\t\t\t\t\t   href=\"#\">CALCINATION<\/a>\n\t\t\t\t\t<\/h2>\n\t\t\t\t\t\t\t\t\t<p>Le gypse ayant \u00e9t\u00e9 concass\u00e9, s\u00e9ch\u00e9 et broy\u00e9 apr\u00e8s extraction, le traitement (cuisson, micronisation...) d\u00e9pend de son degr\u00e9 de puret\u00e9 et de l&#039;utilisation industrielle finale du produit. Apr\u00e8s refroidissement \u00e0 60 \u00b0C il devient du semi-hydrate (le gypse a perdu une mol\u00e9cule d\u2019eau et demi).<\/p>\n\t\t\t\t\t\t\t<\/div>\n\t\t\t[\/vc_column_inner][vc_column_inner el_class=\u00a0\u00bbcol-md-3 col-sm-12 col-xs-12&Prime; width=\u00a0\u00bb1\/4&Prime;]\t\t\t<div\n\t\t\t\tclass=\"darna-process style1  \" >\n\t\t\t\t\t\t\t\t\t\t\t\t\t<h3>03\t\t\t\t\t\t\t<i class=\"fa fa-long-arrow-right\"><\/i>\n\t\t\t\t\t\t\t\t\t\t\t<\/h3>\n\t\t\t\t\t\t\t\t\t\t\t\t\t<h2>\n\t\t\t\t\t\t<a target=\"_self\"\n\t\t\t\t\t\t   href=\"#\">M\u00c9LANGE<\/a>\n\t\t\t\t\t<\/h2>\n\t\t\t\t\t\t\t\t\t<p>Les conditions op\u00e9ratoires de calcination restent complexes : selon la temp\u00e9rature du four et sa conception, apparaissent des phases de cristallinit\u00e9 variables, en nature et en proportions, dans le m\u00e9lange : de 121 ou 132\u00b0C \u00e0 environ 150\u00b0C, l&#039;h\u00e9mihydrate est le produit principal. Vers 200\u00b0C, l&#039;anhydrite soluble s&#039;impose. Si on chauffe \u00e0 environ 400\u00b0C, de l&#039;anhydrite insoluble est obtenue. Il est alors possible, \u00e0 ce stade, de pr\u00e9parer diverses phases cristallines qui seront utilis\u00e9es pour formuler un pl\u00e2tre idoine.<\/p>\n\t\t\t\t\t\t\t<\/div>\n\t\t\t[\/vc_column_inner][vc_column_inner el_class=\u00a0\u00bbcol-md-3 col-sm-12 col-xs-12&Prime; width=\u00a0\u00bb1\/4&Prime;]\t\t\t<div\n\t\t\t\tclass=\"darna-process style1  \" >\n\t\t\t\t\t\t\t\t\t\t\t\t\t<h3>04\t\t\t\t\t<\/h3>\n\t\t\t\t\t\t\t\t\t\t\t\t\t<h2>\n\t\t\t\t\t\t<a target=\"_self\"\n\t\t\t\t\t\t   href=\"#\">FORMULATION<\/a>\n\t\t\t\t\t<\/h2>\n\t\t\t\t\t\t\t\t\t<p>Le pl\u00e2tre est ensuite formul\u00e9, c&#039;est-\u00e0-dire que les diff\u00e9rentes vari\u00e9t\u00e9s (micro)cristallines d&#039;h\u00e9mihydrates et d&#039;anhydrites sont m\u00e9lang\u00e9es dans un malaxeur avec diff\u00e9rents ajouts (souvent quelques parties pour mille) : de l\u2019amidon, pour am\u00e9liorer l\u2019adh\u00e9sion entre le pl\u00e2tre et le carton, des adjuvants, des retardateurs pour modifier les temps de prise du pl\u00e2tre des colorants ou encore des additifs divers, etc. On comprend alors facilement qu&#039;il existe un grand nombre de vari\u00e9t\u00e9s, adapt\u00e9es chacune \u00e0 un usage.<\/p>\n\t\t\t\t\t\t\t<\/div>\n\t\t\t[\/vc_column_inner][\/vc_row_inner][\/vc_column][\/vc_row][vc_row][vc_column]\t\t\t<div\n\t\t\t\tclass=\"darna-heading style1 margin-bottom-70\" >\n\t\t\t\t\t\t\t\t\t<h2>LES ENGAGEMENTS ENVIRONNEMENTAUX DE SAINT-GOBAIN FORMULA<\/h2>\n\t\t\t\t\t\t\t\t\t\t\t<\/div>\n\t\t\t[\/vc_column][\/vc_row][vc_row layout=\u00a0\u00bbboxed\u00a0\u00bb][vc_column width=\u00a0\u00bb1\/2&Prime;][vc_row_inner el_class=\u00a0\u00bbmargin-bottom-60&Prime;][vc_column_inner width=\u00a0\u00bb1\/2&Prime;][vc_single_image image=\u00a0\u00bb1622&Prime; img_size=\u00a0\u00bblarge\u00a0\u00bb alignment=\u00a0\u00bbcenter\u00a0\u00bb el_class=\u00a0\u00bbdarna-single-image-style xs-margin-bottom-15&Prime;][\/vc_column_inner][vc_column_inner width=\u00a0\u00bb1\/2&Prime;][vc_single_image image=\u00a0\u00bb1620&Prime; img_size=\u00a0\u00bbmedium\u00a0\u00bb alignment=\u00a0\u00bbcenter\u00a0\u00bb el_class=\u00a0\u00bbdarna-single-image-style xs-margin-bottom-15&Prime;][vc_single_image image=\u00a0\u00bb1624&Prime; img_size=\u00a0\u00bbmedium\u00a0\u00bb alignment=\u00a0\u00bbcenter\u00a0\u00bb el_class=\u00a0\u00bbdarna-single-image-style xs-margin-bottom-15&Prime;][\/vc_column_inner][\/vc_row_inner][\/vc_column][vc_column width=\u00a0\u00bb1\/2&Prime;]\t\t\t<div\n\t\t\t\tclass=\"darna-icon-box style3 margin-bottom-60\" >\n\t\t\t\t<a class=\"ibox-icon\" title=\"\"\n\t\t\t\t   target=\"_self\" href=\"#\">\n\t\t\t\t\t\t\t\t\t\t\t<i class=\"fa fa-recycle\"><\/i>\n\t\t\t\t\t\t\t\t\t<\/a>\n\t\t\t\t\t\t\t\t\t<h3><a title=\"\" target=\"_self\"\n\t\t\t\t\t       href=\"#\">POUR UN D\u00c9VELOPPEMENT DURABLE<\/a><\/h3>\n\t\t\t\t\t\t\t\t\t<p>CERTIFICATION ISO 14001<br \/>\nSaint-Gobain Formula a obtenu la certification ISO 14001 pour les sites de fabrication suivants : Walkenried (Allemagne), Newark (Royaume-Uni) Gelsa (Espagne) et Turda (Roumanie). Une norme internationalement reconnue pour la gestion environnementale de l\u2019entreprise, y compris pour l\u2019utilisation des ressources naturelles, la gestion et le traitement des d\u00e9chets, et pour la consommation d\u2019\u00e9nergie.<\/p>\n<p>R\u00c9HABILITATION DE CARRI\u00c8RES<br \/>\nLorsque l\u2019exploitation d\u2019un gisement de gypse prend fin, Saint-Gobain s\u2019engage \u00e0 restaurer enti\u00e8rement la zone exploit\u00e9e dans le but de pr\u00e9server l\u2019environnement, conform\u00e9ment aux r\u00e8glementations locales, pour en faire profiter la communaut\u00e9 locale ainsi que les esp\u00e8ces sauvages. Lorsque cela est possible, Saint-Gobain Formula ajoute une dimension \u00e9cologique en cr\u00e9ant un habitat pour une faune sauvage plus vari\u00e9e qu\u2019avant l\u2019exploitation de la carri\u00e8re.<\/p>\n\t\t\t\t\t\t\t<\/div>\n\t\t\t[\/vc_column][\/vc_row][vc_column][\/vc_column]<\/p>\n","protected":false},"excerpt":{"rendered":"<p>[vc_row layout=\u00a0\u00bbboxed\u00a0\u00bb][vc_column][vc_single_image image=\u00a0\u00bb1049&Prime; img_size=\u00a0\u00bblarge\u00a0\u00bb alignment=\u00a0\u00bbcenter\u00a0\u00bb][\/vc_column][\/vc_row][vc_row][vc_column][\/vc_column][\/vc_row][vc_row overlay_set=\u00a0\u00bbshow_overlay_color\u00a0\u00bb overlay_color=\u00a0\u00bb#000000&Prime; overlay_opacity=\u00a0\u00bb75&Prime; parallax_style=\u00a0\u00bbvertical-parallax\u00a0\u00bb parallax_scroll_effect=\u00a0\u00bbfixed\u00a0\u00bb css=\u00a0\u00bb.vc_custom_1437733863979{background-image: url(https:\/\/platrefrance.com\/wp-content\/uploads\/2015\/07\/bg-process.jpg?id=267) !important;}\u00a0\u00bb el_class=\u00a0\u00bbmargin-bottom-100&Prime;][vc_column][vc_row_inner layout=\u00a0\u00bbboxed\u00a0\u00bb parallax_style=\u00a0\u00bbnone\u00a0\u00bb parallax_scroll_effect=\u00a0\u00bbfixed\u00a0\u00bb el_class=\u00a0\u00bbmargin-bottom-100 margin-top-100&Prime;][vc_column_inner el_class=\u00a0\u00bbcol-md-3 col-sm-12 col-xs-12&Prime; width=\u00a0\u00bb1\/4&Prime;][\/vc_column_inner][vc_column_inner el_class=\u00a0\u00bbcol-md-3 col-sm-12 col-xs-12&Prime; width=\u00a0\u00bb1\/4&Prime;][\/vc_column_inner][vc_column_inner el_class=\u00a0\u00bbcol-md-3 col-sm-12 col-xs-12&Prime; width=\u00a0\u00bb1\/4&Prime;][\/vc_column_inner][vc_column_inner el_class=\u00a0\u00bbcol-md-3 col-sm-12 col-xs-12&Prime; width=\u00a0\u00bb1\/4&Prime;][\/vc_column_inner][\/vc_row_inner][\/vc_column][\/vc_row][vc_row][vc_column][\/vc_column][\/vc_row][vc_row layout=\u00a0\u00bbboxed\u00a0\u00bb][vc_column width=\u00a0\u00bb1\/2&Prime;][vc_row_inner el_class=\u00a0\u00bbmargin-bottom-60&Prime;][vc_column_inner width=\u00a0\u00bb1\/2&Prime;][vc_single_image image=\u00a0\u00bb1622&Prime; img_size=\u00a0\u00bblarge\u00a0\u00bb alignment=\u00a0\u00bbcenter\u00a0\u00bb el_class=\u00a0\u00bbdarna-single-image-style xs-margin-bottom-15&Prime;][\/vc_column_inner][vc_column_inner width=\u00a0\u00bb1\/2&Prime;][vc_single_image image=\u00a0\u00bb1620&Prime; img_size=\u00a0\u00bbmedium\u00a0\u00bb alignment=\u00a0\u00bbcenter\u00a0\u00bb el_class=\u00a0\u00bbdarna-single-image-style xs-margin-bottom-15&Prime;][vc_single_image image=\u00a0\u00bb1624&Prime; img_size=\u00a0\u00bbmedium\u00a0\u00bb alignment=\u00a0\u00bbcenter\u00a0\u00bb el_class=\u00a0\u00bbdarna-single-image-style xs-margin-bottom-15&Prime;][\/vc_column_inner][\/vc_row_inner][\/vc_column][vc_column [&hellip;]<\/p>\n","protected":false},"author":1,"featured_media":1049,"parent":0,"menu_order":0,"comment_status":"closed","ping_status":"closed","template":"","meta":{"footnotes":""},"class_list":["post-30","page","type-page","status-publish","has-post-thumbnail","hentry"],"_links":{"self":[{"href":"https:\/\/platrefrance.com\/home\/wp-json\/wp\/v2\/pages\/30","targetHints":{"allow":["GET"]}}],"collection":[{"href":"https:\/\/platrefrance.com\/home\/wp-json\/wp\/v2\/pages"}],"about":[{"href":"https:\/\/platrefrance.com\/home\/wp-json\/wp\/v2\/types\/page"}],"author":[{"embeddable":true,"href":"https:\/\/platrefrance.com\/home\/wp-json\/wp\/v2\/users\/1"}],"replies":[{"embeddable":true,"href":"https:\/\/platrefrance.com\/home\/wp-json\/wp\/v2\/comments?post=30"}],"version-history":[{"count":55,"href":"https:\/\/platrefrance.com\/home\/wp-json\/wp\/v2\/pages\/30\/revisions"}],"predecessor-version":[{"id":1788,"href":"https:\/\/platrefrance.com\/home\/wp-json\/wp\/v2\/pages\/30\/revisions\/1788"}],"wp:featuredmedia":[{"embeddable":true,"href":"https:\/\/platrefrance.com\/home\/wp-json\/wp\/v2\/media\/1049"}],"wp:attachment":[{"href":"https:\/\/platrefrance.com\/home\/wp-json\/wp\/v2\/media?parent=30"}],"curies":[{"name":"wp","href":"https:\/\/api.w.org\/{rel}","templated":true}]}}