{"id":824,"date":"2015-10-17T04:16:34","date_gmt":"2015-10-17T04:16:34","guid":{"rendered":"https:\/\/platrefrance.com\/?page_id=795"},"modified":"2020-04-02T11:16:33","modified_gmt":"2020-04-02T11:16:33","slug":"services-shortcode","status":"publish","type":"page","link":"https:\/\/platrefrance.com\/home\/services-shortcode\/","title":{"rendered":"L&rsquo;excellence du service"},"content":{"rendered":"<p>[vc_row layout=\u00a0\u00bbboxed\u00a0\u00bb el_class=\u00a0\u00bbmargin-bottom-100&Prime;][vc_column]\t\t\t<div\n\t\t\t\tclass=\"darna-heading style1 margin-bottom-30\" >\n\t\t\t\t\t\t\t\t\t<h2>NOTRE SERVICE CLIENT<\/h2>\n\t\t\t\t\t\t\t\t\t\t\t\t\t<p>VOUS SATISFAIRE EST UNE DE NOS PRINCIPALES EXIGENCES<\/p>\n\t\t\t\t\t\t\t<\/div>\n\t\t\t            <div data-plugin-options='{&quot;navigation&quot;:true,&quot;pagination&quot;:false,&quot;singleItem&quot;:false,&quot;stopOnHover&quot;:false,&quot;autoHeight&quot;:false,&quot;autoPlay&quot;:5000,&quot;items&quot;:4,&quot;itemsDesktop&quot;:[1199,4],&quot;itemsDesktopSmall&quot;:[979,4],&quot;itemsTablet&quot;:[768,2],&quot;itemsTabletSmall&quot;:false,&quot;itemsMobile&quot;:[479,1],&quot;itemsScaleUp&quot;:false}'\n                 class=\"darna-services owl-carousel  \" >\n                            <div class=\"darna-services-item\" style=\"background-image: url(https:\/\/platrefrance.com\/wp-content\/uploads\/2015\/07\/port_thum_1.jpg)\">\n                <div class=\"content-middle\">\n                     <div class=\"content-middle-inner\">\n                                                      <i class=\"fa fa-smile-o\"><\/i>\n                                                                               <h3><a title=\"\" target=\"_self\"\n                                    href=\"#\">SATISFACTION CLIENT<\/a><\/h3>\n                                                      <p>Chaque personne de notre Service Client Pl\u00e2tre France s\u2019implique personnellement pour vous rendre un service de qualit\u00e9. Notre engagement professionnel a pour but d\u2019am\u00e9liorer en permanence nos pratiques. Nous nous assurons de r\u00e9pondre constamment aux besoins \u00e9volutifs des march\u00e9s sur lesquels nous op\u00e9rons.<\/p>\n                                              <\/div>\n                <\/div>\n            <\/div>\n                        <div class=\"darna-services-item\" style=\"background-image: url(https:\/\/platrefrance.com\/wp-content\/uploads\/2019\/10\/service-client-platre.png)\">\n                <div class=\"content-middle\">\n                     <div class=\"content-middle-inner\">\n                                                      <i class=\"fa fa-fax\"><\/i>\n                                                                               <h3><a title=\"\" target=\"_self\"\n                                    href=\"#\">SERVICE APR\u00c8S-VENTE<\/a><\/h3>\n                                                      <p>Nous mettons tout en \u0153uvre pour garantir l\u2019enti\u00e8re satisfaction de nos clients avec nos produits et nos services, et nous nous effor\u00e7ons de traiter les probl\u00e8mes de mani\u00e8re rapide et efficace<br \/>\nVotre avis est important pour nous ! Nous sommes \u00e0 votre \u00e9coute et nous donnons suite aux retours que nous recevons de vous.<\/p>\n                                              <\/div>\n                <\/div>\n            <\/div>\n                        <div class=\"darna-services-item\" style=\"background-image: url(https:\/\/platrefrance.com\/wp-content\/uploads\/2019\/10\/industrial-hall-1630742_1920.jpg)\">\n                <div class=\"content-middle\">\n                     <div class=\"content-middle-inner\">\n                                                      <i class=\"flaticon-truck20\"><\/i>\n                                                                               <h3><a title=\"\" target=\"_self\"\n                                    href=\"#\">SUIVI DE VOTRE COMMANDE<\/a><\/h3>\n                                                      <p>Nous livrons partout en France avec nos transporteurs. Vous pouvez suivre \u00e0 tout moment votre commande sur notre site de l'exp\u00e9dition \u00e0 la livraison. Rendez vous dans l'onglet suivi de commande.<\/p>\n                                              <\/div>\n                <\/div>\n            <\/div>\n                        <div class=\"darna-services-item\" style=\"background-image: url(https:\/\/platrefrance.com\/wp-content\/uploads\/2015\/07\/blog-05.jpg)\">\n                <div class=\"content-middle\">\n                     <div class=\"content-middle-inner\">\n                                                      <i class=\"fa fa-edit\"><\/i>\n                                                                               <h3><a title=\"\" target=\"_self\"\n                                    href=\"#\">SUPPORT TECHNIQUE<\/a><\/h3>\n                                                      <p>Pour chacun de nos produits, une fiche technique est associ\u00e9e que vous trouverez online mais \u00e9galement dans votre colis.<\/p>\n                                              <\/div>\n                <\/div>\n            <\/div>\n                        <div class=\"darna-services-item\" style=\"background-image: url(https:\/\/platrefrance.com\/wp-content\/uploads\/2015\/07\/port_thum_3.jpg)\">\n                <div class=\"content-middle\">\n                     <div class=\"content-middle-inner\">\n                                                      <i class=\"fa fa-truck\"><\/i>\n                                                                               <h3><a title=\"\" target=\"_self\"\n                                    href=\"#\">RETOUR<\/a><\/h3>\n                                                      <p>Vous disposez d\u2019un d\u00e9lai de quatorze jours ouvrables \u00e0 compter de la livraison de votre commande pour exercer votre droit de r\u00e9tractation et ainsi nous retourner le produit pour \u00e9change ou remboursement sans p\u00e9nalit\u00e9, \u00e0 l\u2019exception des frais de retour, qui seront pris \u00e0 votre charge. Le produit doit \u00eatre retourn\u00e9 intact, non utilis\u00e9 et non ouvert sous peine de se voir refuser l\u2019\u00e9change ou le remboursement.<\/p>\n                                              <\/div>\n                <\/div>\n            <\/div>\n                        <\/div>\n            [\/vc_column][\/vc_row]<\/p>\n","protected":false},"excerpt":{"rendered":"<p>[vc_row layout=\u00a0\u00bbboxed\u00a0\u00bb el_class=\u00a0\u00bbmargin-bottom-100&Prime;][vc_column][\/vc_column][\/vc_row]<\/p>\n","protected":false},"author":1,"featured_media":0,"parent":0,"menu_order":0,"comment_status":"closed","ping_status":"closed","template":"","meta":{"footnotes":""},"class_list":["post-824","page","type-page","status-publish","hentry"],"_links":{"self":[{"href":"https:\/\/platrefrance.com\/home\/wp-json\/wp\/v2\/pages\/824","targetHints":{"allow":["GET"]}}],"collection":[{"href":"https:\/\/platrefrance.com\/home\/wp-json\/wp\/v2\/pages"}],"about":[{"href":"https:\/\/platrefrance.com\/home\/wp-json\/wp\/v2\/types\/page"}],"author":[{"embeddable":true,"href":"https:\/\/platrefrance.com\/home\/wp-json\/wp\/v2\/users\/1"}],"replies":[{"embeddable":true,"href":"https:\/\/platrefrance.com\/home\/wp-json\/wp\/v2\/comments?post=824"}],"version-history":[{"count":12,"href":"https:\/\/platrefrance.com\/home\/wp-json\/wp\/v2\/pages\/824\/revisions"}],"predecessor-version":[{"id":1777,"href":"https:\/\/platrefrance.com\/home\/wp-json\/wp\/v2\/pages\/824\/revisions\/1777"}],"wp:attachment":[{"href":"https:\/\/platrefrance.com\/home\/wp-json\/wp\/v2\/media?parent=824"}],"curies":[{"name":"wp","href":"https:\/\/api.w.org\/{rel}","templated":true}]}}