{"id":1108,"date":"2019-10-11T12:45:32","date_gmt":"2019-10-11T12:45:32","guid":{"rendered":"https:\/\/platrefrance.com\/home\/?post_type=product&#038;p=1108"},"modified":"2026-05-05T17:36:46","modified_gmt":"2026-05-05T17:36:46","slug":"molda-super","status":"publish","type":"product","link":"https:\/\/platrefrance.com\/home\/produit\/molda-super\/","title":{"rendered":"Pl\u00e2tre Molda Super"},"content":{"rendered":"<p>Le <strong>pl\u00e2tre Molda Super<\/strong> est un pl\u00e2tre alpha semi-hydrate non formul\u00e9 (CaSO4.1\/2H2O) produit \u00e0 partir de gypse naturel de haute puret\u00e9.\u00a0Il est de couleur blanc cass\u00e9.\u00a0Il est utilis\u00e9 comme charge ou mati\u00e8re premi\u00e8re dans les formulations. Fabrication d\u2019\u00e9l\u00e9ments d\u00e9coratifs (<strong>pl\u00e2tre d\u00e9coratif<\/strong>) de tr\u00e8s haute duret\u00e9,\u00a0par<strong> coulage <\/strong>et <strong>modelage<\/strong>. <strong>Sculpture<\/strong>, <strong>moulage<\/strong> d\u2019art,\u00a0en <strong>staff<\/strong> pour une fabrication de tr\u00e8s haute duret\u00e9.<\/p>\n<p>Le <strong>pl\u00e2tre Molda Super<\/strong> poss\u00e8de de nombreux avantages\u00a0:<\/p>\n<ul>\n<li>pl\u00e2tre non formul\u00e9 de haute puret\u00e9 utilis\u00e9 au sein de formulations<\/li>\n<li>distribution granulom\u00e9trique tr\u00e8s fine, pas de grains grossiers<\/li>\n<li>tr\u00e8s faible demande en eau<\/li>\n<li>m\u00e9langer avec un semi-hydrate b\u00e9ta pour permettre d\u2019obtenir des propri\u00e9t\u00e9s sp\u00e9cifiques<\/li>\n<\/ul>\n<p>Le <strong>pl\u00e2tre Molda Super<\/strong> peut \u00eatre utilis\u00e9 comme <strong>pl\u00e2tre c\u00e9ramique<\/strong>, <strong>pl\u00e2tre d\u00e9coratif<\/strong>, <strong>pl\u00e2tre pour sculpture<\/strong> et <strong>pl\u00e2tre dentaire<\/strong>.<\/p>\n<p>Le <strong>pl\u00e2tre Molda Super<\/strong> est conditionn\u00e9 dans des sacs de 25kg ou des seaux de 5kg.<\/p>\n<p>&nbsp;<\/p>\n<h2>Instructions d\u2019utilisation<\/h2>\n<p>Utiliser ce produit dans le rapport pl\u00e2tre\/eau recommand\u00e9 et avec un temps de m\u00e9lange d&rsquo;environ 2 \u00e0 4 minutes.\u00a0La consistance exacte \u00e0 utiliser devra \u00eatre ajust\u00e9e pour correspondre \u00e0 chaque application. Les modifications du rapport pl\u00e2tre\/eau affecteront les performances du produit, en particulier le temps de prise et les r\u00e9sistances m\u00e9caniques.<\/p>\n<p>Taux de g\u00e2chage* : 2,4 &lt; x &lt; 2,8<\/p>\n<h2>Avantages<\/h2>\n<div class=\"post-benefits\">\n<p>Pl\u00e2tre non formul\u00e9 de haute puret\u00e9 utilis\u00e9 au sein de formulations<\/p>\n<p>Distribution granulom\u00e9trique tr\u00e8s fine, pas de grains grossiers<\/p>\n<p>Tr\u00e8s faible demande en eau<\/p>\n<p>M\u00e9langer avec un semihydrate b\u00eata pour permettre d&rsquo;obtenir des propri\u00e9t\u00e9s sp\u00e9cifiques<\/p>\n<\/div>\n","protected":false},"excerpt":{"rendered":"<p>Molda Super est un pl\u00e2tre alpha semi-hydrate non formul\u00e9 (CaSO4.1\/2H2O) produit \u00e0 partir de gypse naturel de haute puret\u00e9\u00a0Il est de couleur blanc cass\u00e9.\u00a0Il est utilis\u00e9 comme charge ou mati\u00e8re premi\u00e8re dans les formulations. Fabrication d\u2019\u00e9l\u00e9ments d\u00e9coratifs de tr\u00e8s haute duret\u00e9,\u00a0par coulage et modelage. Sculpture, moulage d\u2019art,\u00a0en staff pour une fabrication de tr\u00e8s haute duret\u00e9.<\/p>\n<p>Sac de 25 kg ou Sceau de 5kg.<\/p>\n<p>Fiche technique du pl\u00e2tre \u00e0 t\u00e9l\u00e9charger : <strong><a href=\"https:\/\/platrefrance.com\/wp-content\/uploads\/2019\/10\/Molda-Super_CS_PDS_FR_20231005_1.pdf\">molda_super-fr<\/a><\/strong><\/p>\n<p>Fiche de s\u00e9curit\u00e9 du pl\u00e2tre \u00e0 t\u00e9l\u00e9charger : <strong><a href=\"https:\/\/platrefrance.com\/wp-content\/uploads\/2019\/10\/FR-MSDS-Molda-Super-sac-2013-05-07.pdf\">FR MSDS Molda Super<\/a><\/strong><\/p>\n","protected":false},"featured_media":3064,"comment_status":"open","ping_status":"closed","template":"","meta":[],"product_brand":[],"product_cat":[80,83,84,90,103,104,101,81,126,15],"product_tag":[],"class_list":{"0":"post-1108","1":"product","2":"type-product","3":"status-publish","4":"has-post-thumbnail","6":"product_cat-ceramique","7":"product_cat-decoratif","8":"product_cat-dentaire","9":"product_cat-mere-de-moule","10":"product_cat-mere-de-moule-decoratif","11":"product_cat-mere-de-moule-dentaire","12":"product_cat-mere-de-moule-sculpture","13":"product_cat-sculpture","14":"product_cat-sacs-de-25kg","15":"product_cat-tous","16":"pa_poids-volumetrique-sac-de-25-kg","17":"pa_poids-volumetrique-seau-de-5-kg","19":"first","20":"instock","21":"shipping-taxable","22":"purchasable","23":"product-type-variable"},"_links":{"self":[{"href":"https:\/\/platrefrance.com\/home\/wp-json\/wp\/v2\/product\/1108","targetHints":{"allow":["GET"]}}],"collection":[{"href":"https:\/\/platrefrance.com\/home\/wp-json\/wp\/v2\/product"}],"about":[{"href":"https:\/\/platrefrance.com\/home\/wp-json\/wp\/v2\/types\/product"}],"replies":[{"embeddable":true,"href":"https:\/\/platrefrance.com\/home\/wp-json\/wp\/v2\/comments?post=1108"}],"wp:featuredmedia":[{"embeddable":true,"href":"https:\/\/platrefrance.com\/home\/wp-json\/wp\/v2\/media\/3064"}],"wp:attachment":[{"href":"https:\/\/platrefrance.com\/home\/wp-json\/wp\/v2\/media?parent=1108"}],"wp:term":[{"taxonomy":"product_brand","embeddable":true,"href":"https:\/\/platrefrance.com\/home\/wp-json\/wp\/v2\/product_brand?post=1108"},{"taxonomy":"product_cat","embeddable":true,"href":"https:\/\/platrefrance.com\/home\/wp-json\/wp\/v2\/product_cat?post=1108"},{"taxonomy":"product_tag","embeddable":true,"href":"https:\/\/platrefrance.com\/home\/wp-json\/wp\/v2\/product_tag?post=1108"}],"curies":[{"name":"wp","href":"https:\/\/api.w.org\/{rel}","templated":true}]}}