{"id":1115,"date":"2019-10-11T12:56:58","date_gmt":"2019-10-11T12:56:58","guid":{"rendered":"https:\/\/platrefrance.com\/home\/?post_type=product&#038;p=1115"},"modified":"2026-04-06T18:26:26","modified_gmt":"2026-04-06T18:26:26","slug":"molda-3-bis","status":"publish","type":"product","link":"https:\/\/platrefrance.com\/home\/produit\/molda-3-bis\/","title":{"rendered":"Pl\u00e2tre Molda 3 Bis"},"content":{"rendered":"<p>Le <strong>pl\u00e2tre Molda 3 Bis<\/strong> est un pl\u00e2tre semi-hydrate formul\u00e9 utilis\u00e9 en c\u00e9ramique pour la production de moules de <strong>coulage<\/strong> en sanitaire, vaisselle ou r\u00e9fractaire n\u00e9cessitant une bonne dur\u00e9e de vie du moule, en particulier avec des barbotines abrasives telles que le gros gr\u00e8s ou en poterie, et n\u00e9cessitant un long\u00a0temps de travail pour couler les moules (<strong>pl\u00e2tre c\u00e9ramique<\/strong>).\u00a0Ce produit peut \u00e9galement \u00eatre utilis\u00e9 en vaisselle pour le <strong>calibrage<\/strong> <strong>(pl\u00e2tre c\u00e9ramique<\/strong>). Il peut \u00e9galement \u00eatre utilis\u00e9 en art et d\u00e9coration (<strong>pl\u00e2tre d\u00e9coratif<\/strong>) et dans la fabrication d\u2019\u00e9l\u00e9ments <strong>d\u00e9coratifs<\/strong> ou pour de la <strong>sculpture<\/strong> (<strong>pl\u00e2tre pour sculpture<\/strong>). Enfin, il peut \u00eatre utilis\u00e9 pour du <strong>modelage<\/strong> ou comme ingr\u00e9dient dans des formulations d\u2019adh\u00e9sifs et mastics.<\/p>\n<p>Le <strong>pl\u00e2tre Molda 3 Bis<\/strong> poss\u00e8de quelques avantages\u00a0:<\/p>\n<ul>\n<li>adapt\u00e9 au <strong>coulage<\/strong> de barbotine de c\u00e9ramique \u00e0 base d\u2019argiles abrasives (type gros gr\u00e8s)<\/li>\n<li>propri\u00e9t\u00e9s m\u00e9caniques \u00e9lev\u00e9es<\/li>\n<\/ul>\n<p>Le <strong>pl\u00e2tre Molda 3 Bis<\/strong> peut \u00eatre utilis\u00e9 comme <strong>pl\u00e2tre c\u00e9ramique<\/strong>, <strong>pl\u00e2tre d\u00e9coratif<\/strong> et <strong>pl\u00e2tre staff<\/strong>.<\/p>\n<p>Le <strong>pl\u00e2tre Molda 3 Bis<\/strong> est conditionn\u00e9 dans des sacs de 25kg ou des seaux de 5kg.<\/p>\n<p>Production de moules de coulage, de calibrage et de\u00a0modelage, garantissant des propri\u00e9t\u00e9s m\u00e9caniques\u00a0et dur\u00e9e de vie. Vaisselle, sculpture, industrie du\u00a0r\u00e9fractaire, utilis\u00e9 en staff et fabrication d\u2019\u00e9l\u00e9ments\u00a0d\u00e9coratifs<\/p>\n<h2>Instructions d\u2019utilisation<\/h2>\n<p>Le rapport pl\u00e2tre\/eau recommand\u00e9 se situe entre 1,55\/1 et 1,80\/1, avec un temps de m\u00e9lange d&rsquo;environ 2 \u00e0 4\u00a0minutes en fonction du volume de la g\u00e2ch\u00e9e.<br \/>\nLes ustensiles de m\u00e9lange doivent toujours \u00eatre propres et exempts de pl\u00e2tre pris. Il convient de correctement doser et m\u00e9langer le pl\u00e2tre et l&rsquo;eau afin d&rsquo;obtenir des r\u00e9sultats coh\u00e9rents.<br \/>\nSaupoudrez lentement la quantit\u00e9 pes\u00e9e de pl\u00e2tre dans le volume d&rsquo;eau mesur\u00e9 et laissez-le mouiller. Ne pas m\u00e9langer deux g\u00e2ch\u00e9es de pl\u00e2tres diff\u00e9rentes.<br \/>\nLes modifications du rapport pl\u00e2tre\/eau affecteront les performances du produit, en particulier le temps de prise, la r\u00e9sistance m\u00e9canique et la capacit\u00e9 d&rsquo;absorption.<br \/>\nLes graphiques suivants permettent d&rsquo;illustrer l&rsquo;influence d&rsquo;une modification de ce rapport sur la r\u00e9sistance \u00e0 la compression et sur l&rsquo;absorption d&rsquo;eau.<\/p>\n<p>Taux de g\u00e2chage* : 1,55 &lt; x &lt; 1,8<\/p>\n<h2>Avantages<\/h2>\n<div class=\"post-benefits\">\n<p>Adapt\u00e9 au coulage de barbotine de c\u00e9ramique \u00e0 base d&rsquo;argiles abrasives (type gros gr\u00e8s)<\/p>\n<p>Propri\u00e9t\u00e9s m\u00e9caniques \u00e9lev\u00e9es<\/p>\n<\/div>\n","protected":false},"excerpt":{"rendered":"<p>Molda 3 Bis est un pl\u00e2tre semi-hydrate formul\u00e9 utilis\u00e9 en c\u00e9ramique pour la production de moules de coulage en sanitaire, vaisselle ou r\u00e9fractaire n\u00e9cessitant une bonne dur\u00e9e de vie du moule, en particulier avec des barbotines abrasives telles que le gros gr\u00e8s ou en poterie, et n\u00e9cessitant un long\u00a0 temps de travail pour couler les moules.\u00a0Ce produit peut \u00e9galement \u00eatre utilis\u00e9 en vaisselle pour le calibrage. Il peut \u00e9galement \u00eatre utilis\u00e9 en art et d\u00e9coration pour de le staff et dans la fabrication d&rsquo;\u00e9l\u00e9ments d\u00e9coratifs ou pour de la sculpture. Enfin, il peut \u00eatre utilis\u00e9 pour du modelage ou comme ingr\u00e9dient dans des formulations d&rsquo;adh\u00e9sifs et mastics.<\/p>\n<p>Sac de 25 kg.<\/p>\n<p>Fiche technique du pl\u00e2tre \u00e0 t\u00e9l\u00e9charger : <strong><a href=\"https:\/\/platrefrance.com\/wp-content\/uploads\/2019\/10\/Molda-3-Bis_CS_PDS_FR_20231005.pdf\">molda_3_bis<\/a><\/strong><\/p>\n<p>Fiche de s\u00e9curit\u00e9 du pl\u00e2tre \u00e0 t\u00e9l\u00e9charger : <strong><a href=\"https:\/\/platrefrance.com\/wp-content\/uploads\/2019\/10\/FR-MSDS-Molda-3-Bis-2013-03-01.pdf\">FR MSDS Molda 3 Bis<\/a><\/strong><\/p>\n","protected":false},"featured_media":2722,"comment_status":"open","ping_status":"closed","template":"","meta":[],"product_brand":[],"product_cat":[80,85,87,89,102,83,82,126,15],"product_tag":[],"class_list":{"0":"post-1115","1":"product","2":"type-product","3":"status-publish","4":"has-post-thumbnail","6":"product_cat-ceramique","7":"product_cat-coulage","8":"product_cat-coulage-decoratif","9":"product_cat-modelage-ceramique","10":"product_cat-modelage-staff","11":"product_cat-decoratif","12":"product_cat-staff","13":"product_cat-sacs-de-25kg","14":"product_cat-tous","15":"pa_poids-volumetrique-sac-de-25-kg","16":"pa_poids-volumetrique-seau-de-5-kg","18":"first","19":"instock","20":"shipping-taxable","21":"purchasable","22":"product-type-variable"},"_links":{"self":[{"href":"https:\/\/platrefrance.com\/home\/wp-json\/wp\/v2\/product\/1115","targetHints":{"allow":["GET"]}}],"collection":[{"href":"https:\/\/platrefrance.com\/home\/wp-json\/wp\/v2\/product"}],"about":[{"href":"https:\/\/platrefrance.com\/home\/wp-json\/wp\/v2\/types\/product"}],"replies":[{"embeddable":true,"href":"https:\/\/platrefrance.com\/home\/wp-json\/wp\/v2\/comments?post=1115"}],"wp:featuredmedia":[{"embeddable":true,"href":"https:\/\/platrefrance.com\/home\/wp-json\/wp\/v2\/media\/2722"}],"wp:attachment":[{"href":"https:\/\/platrefrance.com\/home\/wp-json\/wp\/v2\/media?parent=1115"}],"wp:term":[{"taxonomy":"product_brand","embeddable":true,"href":"https:\/\/platrefrance.com\/home\/wp-json\/wp\/v2\/product_brand?post=1115"},{"taxonomy":"product_cat","embeddable":true,"href":"https:\/\/platrefrance.com\/home\/wp-json\/wp\/v2\/product_cat?post=1115"},{"taxonomy":"product_tag","embeddable":true,"href":"https:\/\/platrefrance.com\/home\/wp-json\/wp\/v2\/product_tag?post=1115"}],"curies":[{"name":"wp","href":"https:\/\/api.w.org\/{rel}","templated":true}]}}