{"id":1116,"date":"2019-10-11T12:58:40","date_gmt":"2019-10-11T12:58:40","guid":{"rendered":"https:\/\/platrefrance.com\/home\/?post_type=product&#038;p=1116"},"modified":"2026-04-06T18:27:01","modified_gmt":"2026-04-06T18:27:01","slug":"molda-3-fin","status":"publish","type":"product","link":"https:\/\/platrefrance.com\/home\/produit\/molda-3-fin\/","title":{"rendered":"Pl\u00e2tre Molda 3 Fin"},"content":{"rendered":"<p>Le <strong>pl\u00e2tre Molda 3 Fin<\/strong> est un pl\u00e2tre semi-hydrate non formul\u00e9 (CaSO4.1\/2H2O) produit \u00e0 partir de gypse naturel de haute puret\u00e9. Il est de couleur blanc cass\u00e9. Il est utilis\u00e9 comme composant ou mati\u00e8re premi\u00e8re au sein de formulations (propres ou exclusives) ainsi que pour le modelage dans l\u2019industrie c\u00e9ramique <strong>(pl\u00e2tre c\u00e9ramique)<\/strong> et dans l\u2019art et d\u00e9coration <strong>(pl\u00e2tre d\u00e9coratif). <\/strong>Souvent compar\u00e9 au <strong>pl\u00e2tre Molda 3 Normal<\/strong>, le <strong>pl\u00e2tre Molda 3 Fin<\/strong> est en effet similaire \u00e0 ce dernier mais a \u00e9t\u00e9 beaucoup plus affin\u00e9 lors de la fabrication.<\/p>\n<p>Le <strong>pl\u00e2tre Molda 3 Fin<\/strong> poss\u00e8de de nombreux avantages\u00a0:<\/p>\n<ul>\n<li>pl\u00e2tre non formul\u00e9 de haute puret\u00e9 utilis\u00e9 au sein de formulations<\/li>\n<li>distribution granulom\u00e9trique fine, pas de grains grossiers<\/li>\n<li>faible demande en eau, offre une haute flexibilit\u00e9 pour les formulateurs<\/li>\n<\/ul>\n<p>Le <strong>pl\u00e2tre Molda 3 Fin<\/strong> peut \u00eatre utilis\u00e9 comme <strong>pl\u00e2tre c\u00e9ramique<\/strong>, <strong>pl\u00e2tre d\u00e9coratif<\/strong> et <strong>pl\u00e2tre staff<\/strong>.<\/p>\n<p>Le <strong>pl\u00e2tre Molda 3 Fin<\/strong> est conditionn\u00e9 dans des sacs de 25kg ou des seaux de 5kg.<\/p>\n<p>Production de moules de coulage, et sp\u00e9cifiques au modelage. Vaisselle, \u00e9l\u00e9ments d\u00e9coratifs, sculpture.<\/p>\n<h2>Instructions d\u2019utilisation<\/h2>\n<p>Veuillez utiliser ce produit dans le rapport pl\u00e2tre\/eau recommand\u00e9 et avec un temps de m\u00e9lange d&rsquo;environ 2 \u00e0 4\u00a0minutes.<br \/>\nLa consistance exacte \u00e0 utiliser devra \u00eatre ajust\u00e9e en fonction de\u00a0 chaque application. Les modifications du rapport pl\u00e2tre\/eau affecteront les performances du produit, en particulier le temps de prise et les r\u00e9sistances m\u00e9caniques.<\/p>\n<p>Taux de g\u00e2chage* : 1,3 &lt; x &lt; 1,6<\/p>\n<h2>Avantages<\/h2>\n<div class=\"post-benefits\">\n<p>Pl\u00e2tre non formul\u00e9 de haute puret\u00e9 utilis\u00e9 au sein de formulations<\/p>\n<p>Distribution granulom\u00e9trique fine, pas de grains grossiers<\/p>\n<p>Faible demande en eau (pour un semi-hydrate b\u00eata) offre une haute flexibilit\u00e9 pour les formulateurs<\/p>\n<\/div>\n","protected":false},"excerpt":{"rendered":"<p>Molda 3 Fin est un pl\u00e2tre semi-hydrate non formul\u00e9 (CaSO4.1\/2H2O) produit \u00e0 partir de gypse naturel haute puret\u00e9. Il est de couleur blanc cass\u00e9.<br \/>\nIl est utilis\u00e9 comme composant ou mati\u00e8re premi\u00e8re au sein de formulations (propres ou exclusives ) ainsi que pour le modelage dans l&rsquo;industrie c\u00e9ramique et dans l&rsquo;art et d\u00e9coration.<\/p>\n<p>Sac de 25 kg.<\/p>\n<p>Seau de 5 kg.<\/p>\n<p>Fiche technique du pl\u00e2tre \u00e0 t\u00e9l\u00e9charger : <strong><a href=\"https:\/\/platrefrance.com\/wp-content\/uploads\/2019\/10\/Molda-3-fin_CS_PDS_FR_20231005.pdf\">moldar_3_fin-<\/a><\/strong><\/p>\n<p>Fiche de s\u00e9curit\u00e9 du pl\u00e2tre \u00e0 t\u00e9l\u00e9charger :\u00a0<strong><a href=\"https:\/\/platrefrance.com\/wp-content\/uploads\/2019\/10\/FR-MSDS-Molda-3-Fin-sac-2013-05-07.pdf\">FR MSDS Molda 3 Fin <\/a><\/strong><\/p>\n","protected":false},"featured_media":2746,"comment_status":"open","ping_status":"closed","template":"","meta":[],"product_brand":[],"product_cat":[80,85,87,89,88,102,83,82,126,15],"product_tag":[],"class_list":{"0":"post-1116","1":"product","2":"type-product","3":"status-publish","4":"has-post-thumbnail","6":"product_cat-ceramique","7":"product_cat-coulage","8":"product_cat-coulage-decoratif","9":"product_cat-modelage-ceramique","10":"product_cat-modelage-decoratif","11":"product_cat-modelage-staff","12":"product_cat-decoratif","13":"product_cat-staff","14":"product_cat-sacs-de-25kg","15":"product_cat-tous","16":"pa_poids-volumetrique-sac-de-25-kg","17":"pa_poids-volumetrique-seau-de-5-kg","19":"first","20":"instock","21":"shipping-taxable","22":"purchasable","23":"product-type-variable"},"_links":{"self":[{"href":"https:\/\/platrefrance.com\/home\/wp-json\/wp\/v2\/product\/1116","targetHints":{"allow":["GET"]}}],"collection":[{"href":"https:\/\/platrefrance.com\/home\/wp-json\/wp\/v2\/product"}],"about":[{"href":"https:\/\/platrefrance.com\/home\/wp-json\/wp\/v2\/types\/product"}],"replies":[{"embeddable":true,"href":"https:\/\/platrefrance.com\/home\/wp-json\/wp\/v2\/comments?post=1116"}],"wp:featuredmedia":[{"embeddable":true,"href":"https:\/\/platrefrance.com\/home\/wp-json\/wp\/v2\/media\/2746"}],"wp:attachment":[{"href":"https:\/\/platrefrance.com\/home\/wp-json\/wp\/v2\/media?parent=1116"}],"wp:term":[{"taxonomy":"product_brand","embeddable":true,"href":"https:\/\/platrefrance.com\/home\/wp-json\/wp\/v2\/product_brand?post=1116"},{"taxonomy":"product_cat","embeddable":true,"href":"https:\/\/platrefrance.com\/home\/wp-json\/wp\/v2\/product_cat?post=1116"},{"taxonomy":"product_tag","embeddable":true,"href":"https:\/\/platrefrance.com\/home\/wp-json\/wp\/v2\/product_tag?post=1116"}],"curies":[{"name":"wp","href":"https:\/\/api.w.org\/{rel}","templated":true}]}}