{"id":1117,"date":"2019-10-11T13:00:15","date_gmt":"2019-10-11T13:00:15","guid":{"rendered":"https:\/\/platrefrance.com\/home\/?post_type=product&#038;p=1117"},"modified":"2026-04-06T18:28:00","modified_gmt":"2026-04-06T18:28:00","slug":"molda-dur","status":"publish","type":"product","link":"https:\/\/platrefrance.com\/home\/produit\/molda-dur\/","title":{"rendered":"Pl\u00e2tre Molda Dur"},"content":{"rendered":"<p>Le <strong>pl\u00e2tre Molda Dur<\/strong> est un pl\u00e2tre semi-hydrate formul\u00e9 (CaSO4.1\/2H2O) produit \u00e0 partir de gypse naturel de haute puret\u00e9. Il est de couleur blanc cass\u00e9. Ce produit est utilis\u00e9 pour la r\u00e9alisation de moules \u00e0 haute duret\u00e9 permettant une reproduction fine des d\u00e9tails, pour la production d\u2019\u00e9l\u00e9ments en staff\u00a0et comme mat\u00e9riau de base dans la fabrication de \u00ab stuc-pierre \u00bb et de \u00ab stuc-marbre \u00bb. Il est \u00e9galement utilis\u00e9 comme <strong>pl\u00e2tre de calibrage<\/strong> pour la vaisselle (<strong>pl\u00e2tre c\u00e9ramique<\/strong>), ou pour des applications dentaires (<strong>pl\u00e2tre dentaire<\/strong>), ainsi qu\u2019en formulation.<\/p>\n<p>Le <strong>pl\u00e2tre Molda Dur<\/strong> poss\u00e8de de nombreux avantages\u00a0:<\/p>\n<ul>\n<li>parfaitement adapt\u00e9 \u00e0 la production d\u2019\u00e9l\u00e9ments d\u00e9coratifs (<strong>pl\u00e2tre d\u00e9coratif<\/strong>)<\/li>\n<li>duret\u00e9 imm\u00e9diate apr\u00e8s la prise<\/li>\n<li>grande r\u00e9gularit\u00e9 de fabrication<\/li>\n<li>tr\u00e8s bonne reproduction de d\u00e9tails fins<\/li>\n<\/ul>\n<p>Le <strong>pl\u00e2tre Molda Dur<\/strong> peut \u00eatre utilis\u00e9 comme <strong>pl\u00e2tre c\u00e9ramique<\/strong>, <strong>pl\u00e2tre pour sculpture<\/strong> et <strong>pl\u00e2tre dentaire.<\/strong><\/p>\n<p>Le <strong>pl\u00e2tre Molda Dur<\/strong> est conditionn\u00e9 dans des sacs de 25kg ou des seaux de 5kg.<\/p>\n<p>Production de moules de calibrage et de modelage\u00a0en vaisselle. Sp\u00e9cifique \u00e0 la production de moules\u00a0de fabrication de tuiles c\u00e9ramiques. Utilis\u00e9 en staff\u00a0et stuc. El\u00e9ments d\u00e9coratifs de haute duret\u00e9.<\/p>\n<h2>Instructions d\u2019utilisation<\/h2>\n<p>Veuillez utiliser ce produit avec le rapport pl\u00e2tre\/eau recommand\u00e9 et un temps de m\u00e9lange d&rsquo;environ 2 \u00e0 4 minutes.<br \/>\nLa consistance exacte \u00e0 utiliser devra \u00eatre ajust\u00e9e en fonction de chaque application. Les alt\u00e9rations du rapport pl\u00e2tre\/eau affecteront les performances du produit, en particulier le temps de\u00a0 prise et les r\u00e9sistances m\u00e9caniques.<\/p>\n<p>Taux de g\u00e2chage* : 1,75 &lt; x &lt; 2,0<\/p>\n<h2>Avantages<\/h2>\n<div class=\"post-benefits\">\n<p>Parfaitement adapt\u00e9 \u00e0 la production d&rsquo;\u00e9l\u00e9ments d\u00e9coratifs.<\/p>\n<p>Duret\u00e9 imm\u00e9diate apr\u00e8s la prise<\/p>\n<p>Grande r\u00e9gularit\u00e9 de fabrication.<\/p>\n<p>Tr\u00e8s bonne reproduction de d\u00e9tails fins<\/p>\n<\/div>\n","protected":false},"excerpt":{"rendered":"<p>Molda Dur est un pl\u00e2tre semi-hydrate formul\u00e9 (CaSO4.1\/2H2O) produit \u00e0 partir de gypse naturel de haute puret\u00e9. Il est de couleur blanc cass\u00e9. Ce produit est utilis\u00e9 pour la r\u00e9alisation de moules \u00e0 haute duret\u00e9 permettant une reproduction fine des d\u00e9tails, pour la production d&rsquo;\u00e9l\u00e9ments en Staff\u00a0 et comme mat\u00e9riau de base dans la fabrication de \u00ab stuc-pierre \u00bb et de \u00ab stuc-marbre \u00bb. Il est \u00e9galement utilis\u00e9 comme pl\u00e2tre de calibrage pour la vaisselle, ou pour des applications dentaires, ainsi qu&rsquo;en formulation.<\/p>\n<p>Sac de 25 kg ou Seau de 5kg.<\/p>\n<p>Fiche technique du pl\u00e2tre \u00e0 t\u00e9l\u00e9charger : <strong><a href=\"https:\/\/platrefrance.com\/wp-content\/uploads\/2019\/10\/Molda-dur_CS_PDS_FR_20231005.pdf\">molda_dur-fr <\/a><\/strong><\/p>\n<p>Fiche de s\u00e9curit\u00e9 du pl\u00e2tre \u00e0 t\u00e9l\u00e9charger : <strong><a href=\"https:\/\/platrefrance.com\/wp-content\/uploads\/2019\/10\/FR-MSDS-Molda-Dur-2013-04-30.pdf\">FR MSDS Molda Dur<\/a><\/strong><\/p>\n","protected":false},"featured_media":3060,"comment_status":"open","ping_status":"closed","template":"","meta":[],"product_brand":[],"product_cat":[80,86,89,105,100,84,81,126,15],"product_tag":[],"class_list":{"0":"post-1117","1":"product","2":"type-product","3":"status-publish","4":"has-post-thumbnail","6":"product_cat-ceramique","7":"product_cat-calibrage","8":"product_cat-modelage-ceramique","9":"product_cat-modelage-dentaire","10":"product_cat-modelage-sculpture","11":"product_cat-dentaire","12":"product_cat-sculpture","13":"product_cat-sacs-de-25kg","14":"product_cat-tous","15":"pa_poids-volumetrique-sac-de-25-kg","16":"pa_poids-volumetrique-seau-de-5-kg","18":"first","19":"instock","20":"shipping-taxable","21":"purchasable","22":"product-type-variable"},"_links":{"self":[{"href":"https:\/\/platrefrance.com\/home\/wp-json\/wp\/v2\/product\/1117","targetHints":{"allow":["GET"]}}],"collection":[{"href":"https:\/\/platrefrance.com\/home\/wp-json\/wp\/v2\/product"}],"about":[{"href":"https:\/\/platrefrance.com\/home\/wp-json\/wp\/v2\/types\/product"}],"replies":[{"embeddable":true,"href":"https:\/\/platrefrance.com\/home\/wp-json\/wp\/v2\/comments?post=1117"}],"wp:featuredmedia":[{"embeddable":true,"href":"https:\/\/platrefrance.com\/home\/wp-json\/wp\/v2\/media\/3060"}],"wp:attachment":[{"href":"https:\/\/platrefrance.com\/home\/wp-json\/wp\/v2\/media?parent=1117"}],"wp:term":[{"taxonomy":"product_brand","embeddable":true,"href":"https:\/\/platrefrance.com\/home\/wp-json\/wp\/v2\/product_brand?post=1117"},{"taxonomy":"product_cat","embeddable":true,"href":"https:\/\/platrefrance.com\/home\/wp-json\/wp\/v2\/product_cat?post=1117"},{"taxonomy":"product_tag","embeddable":true,"href":"https:\/\/platrefrance.com\/home\/wp-json\/wp\/v2\/product_tag?post=1117"}],"curies":[{"name":"wp","href":"https:\/\/api.w.org\/{rel}","templated":true}]}}