{"id":1245,"date":"2019-12-02T13:27:54","date_gmt":"2019-12-02T13:27:54","guid":{"rendered":"https:\/\/platrefrance.com\/home\/?post_type=product&#038;p=1245"},"modified":"2026-04-06T18:25:06","modified_gmt":"2026-04-06T18:25:06","slug":"exaduro","status":"publish","type":"product","link":"https:\/\/platrefrance.com\/home\/produit\/exaduro\/","title":{"rendered":"Pl\u00e2tre Exaduro"},"content":{"rendered":"<p>Le <strong>pl\u00e2tre Exaduro<\/strong> est un pl\u00e2tre formul\u00e9 \u00e0 haute r\u00e9sistance, utilis\u00e9 en c\u00e9ramique pour la production de moules en blocs et en moules (<strong>pl\u00e2tre c\u00e9ramique<\/strong>). Avec ce pl\u00e2tre, vous pouvez produire des m\u00e8res de moules en industrie c\u00e9ramique. Ce produit est sp\u00e9cifique pour la pr\u00e9cision dimensionnelle et les hautes r\u00e9sistances m\u00e9caniques.<\/p>\n<p>Le <strong>pl\u00e2tre Exaduro<\/strong> peut \u00eatre utilis\u00e9 comme <strong>pl\u00e2tre c\u00e9ramique<\/strong> et <strong>pl\u00e2tre sculpture<\/strong>.<\/p>\n<p>Il est conditionn\u00e9 dans des sacs de 25kg ou des seaux de 5kg.<\/p>\n<h2>Instructions d\u2019utilisation<\/h2>\n<p>Le rapport pl\u00e2tre \/ eau recommand\u00e9 est compris entre 2,10: 1 et 2,38: 1, avec un temps de m\u00e9lange d&rsquo;env. 2 \u00e0 4 minutes. La consistance pr\u00e9cise \u00e0 utiliser devra \u00eatre adapt\u00e9e \u00e0 chaque application. Les modifications du rapport pl\u00e2tre sur eau influenceront les performances du produit, notamment le temps de prise et la r\u00e9sistance.<\/p>\n<p>Taux de g\u00e2chage* : 2,1 &lt; x &lt; 2,38<\/p>\n<h2>Avantages<\/h2>\n<div class=\"post-benefits\">\n<p>Pour mod\u00e8les et moules.<\/p>\n<p>Haute r\u00e9sistance.<\/p>\n<p>Contr\u00f4l\u00e9 en expansion.<\/p>\n<\/div>\n","protected":false},"excerpt":{"rendered":"<p>Exaduro est un pl\u00e2tre formul\u00e9 \u00e0 haute r\u00e9sistance, utilis\u00e9 en c\u00e9ramique pour la production de moules en blocs et en moules.<\/p>\n<p>Il est conditionn\u00e9 dans des sacs de 25kg ou des seaux de 5kg.<\/p>\n<p>Fiche technique du pl\u00e2tre \u00e0 t\u00e9l\u00e9charger : <strong><a href=\"https:\/\/platrefrance.com\/wp-content\/uploads\/2019\/10\/Exaduro_WK_PDS_FR_20240207.pdf\">FR-TDS-Exaduro<\/a><\/strong><\/p>\n<p>Fiche de s\u00e9curit\u00e9 du pl\u00e2tre \u00e0 t\u00e9l\u00e9charger : <strong><a href=\"https:\/\/platrefrance.com\/wp-content\/uploads\/2019\/12\/FR-MSDS-Ceramic-WK-Range-Case-2015-05-26.pdf\">FR MSDS Ceramic WK Range Case<\/a><\/strong><\/p>\n","protected":false},"featured_media":3102,"comment_status":"open","ping_status":"closed","template":"","meta":[],"product_brand":[],"product_cat":[80,90,101,81,126,15],"product_tag":[],"class_list":{"0":"post-1245","1":"product","2":"type-product","3":"status-publish","4":"has-post-thumbnail","6":"product_cat-ceramique","7":"product_cat-mere-de-moule","8":"product_cat-mere-de-moule-sculpture","9":"product_cat-sculpture","10":"product_cat-sacs-de-25kg","11":"product_cat-tous","12":"pa_poids-volumetrique-sac-de-25-kg","13":"pa_poids-volumetrique-sac-de-40-kg","14":"pa_poids-volumetrique-seau-de-5-kg","16":"first","17":"instock","18":"shipping-taxable","19":"purchasable","20":"product-type-variable"},"_links":{"self":[{"href":"https:\/\/platrefrance.com\/home\/wp-json\/wp\/v2\/product\/1245","targetHints":{"allow":["GET"]}}],"collection":[{"href":"https:\/\/platrefrance.com\/home\/wp-json\/wp\/v2\/product"}],"about":[{"href":"https:\/\/platrefrance.com\/home\/wp-json\/wp\/v2\/types\/product"}],"replies":[{"embeddable":true,"href":"https:\/\/platrefrance.com\/home\/wp-json\/wp\/v2\/comments?post=1245"}],"wp:featuredmedia":[{"embeddable":true,"href":"https:\/\/platrefrance.com\/home\/wp-json\/wp\/v2\/media\/3102"}],"wp:attachment":[{"href":"https:\/\/platrefrance.com\/home\/wp-json\/wp\/v2\/media?parent=1245"}],"wp:term":[{"taxonomy":"product_brand","embeddable":true,"href":"https:\/\/platrefrance.com\/home\/wp-json\/wp\/v2\/product_brand?post=1245"},{"taxonomy":"product_cat","embeddable":true,"href":"https:\/\/platrefrance.com\/home\/wp-json\/wp\/v2\/product_cat?post=1245"},{"taxonomy":"product_tag","embeddable":true,"href":"https:\/\/platrefrance.com\/home\/wp-json\/wp\/v2\/product_tag?post=1245"}],"curies":[{"name":"wp","href":"https:\/\/api.w.org\/{rel}","templated":true}]}}