{"id":1250,"date":"2019-12-02T13:42:22","date_gmt":"2019-12-02T13:42:22","guid":{"rendered":"https:\/\/platrefrance.com\/home\/?post_type=product&#038;p=1250"},"modified":"2026-03-29T21:42:06","modified_gmt":"2026-03-29T21:42:06","slug":"keradur-4000p","status":"publish","type":"product","link":"https:\/\/platrefrance.com\/home\/produit\/keradur-4000p\/","title":{"rendered":"Pl\u00e2tre Keradur 4000P"},"content":{"rendered":"<p>Le <strong>pl\u00e2tre Keradur 4000P<\/strong> est un pl\u00e2tre alpha formul\u00e9 con\u00e7u pour la r\u00e9alisation de moules pour la fabrication de vaisselle par le proc\u00e9d\u00e9 <strong>ram process<\/strong> (<strong>pl\u00e2tre c\u00e9ramique<\/strong>). Le <strong>pl\u00e2tre Keradur 4000P<\/strong> offre le meilleur compromis entre r\u00e9sistance m\u00e9canique du moule (pour une dur\u00e9e de vie \u00e9lev\u00e9e du moule) et une bonne perm\u00e9abilit\u00e9 (pour garantir une bonne efficacit\u00e9 de production).<\/p>\n<p>Le <strong>pl\u00e2tre Keradur 4000P<\/strong> poss\u00e8de de nombreux avantages\u00a0:<\/p>\n<ul>\n<li>con\u00e7u pour le <strong>ram process<\/strong><\/li>\n<li>haute r\u00e9sistance<\/li>\n<li>expansion contr\u00f4l\u00e9e<\/li>\n<\/ul>\n<p>Le <strong>pl\u00e2tre Keradur 4000P<\/strong> peut \u00eatre utilis\u00e9 comme <strong>pl\u00e2tre c\u00e9ramique<\/strong>.<\/p>\n<p>Ce pl\u00e2tre est diff\u00e9rent du <strong>Keradur<\/strong>, pour plus de d\u00e9tails et d\u2019informations, r\u00e9f\u00e9r\u00e9 vous aux fiches techniques produits de ces 2 pl\u00e2tres.<\/p>\n<p>Il est conditionn\u00e9 dans des sacs de 25kg ou des seaux de 5kg.<\/p>\n<h2>Instructions d\u2019utilisation<\/h2>\n<p>Pr\u00e9paration de la matrice:<br \/>\nLa pr\u00e9paration de la matrice est essentielle. Le r\u00e9seau d&rsquo;air doit \u00eatre bien fix\u00e9 au cadre. L&rsquo;espace entre chaque tube d&rsquo;air doit \u00eatre constant (env. 2\u00a0cm entre chaque tube). Le r\u00e9seau d&rsquo;air doit \u00eatre plac\u00e9 \u00e0 env. 2\u00a0cm de la surface utile du moule.<br \/>\nPr\u00e9paration du pl\u00e2tre:<br \/>\nLa temp\u00e9rature du pl\u00e2tre et celle de l&rsquo;eau doivent \u00eatre aussi proches que possible pendant l&rsquo;utilisation, dans une plage de 15 \u00e0 20\u00a0\u00b0C. Les temp\u00e9ratures du pl\u00e2tre et de l&rsquo;eau affectent le comportement de prise.<br \/>\nSaupoudrer le pl\u00e2tre uniform\u00e9ment sur toute la surface de l&rsquo;eau et laissez mouiller pendant environ 2\u00a0minutes.<br \/>\nSelon la vitesse de malaxage et la quantit\u00e9, le temps de m\u00e9lange recommand\u00e9 est de 6 \u00e0 12\u00a0minutes. Le m\u00e9lange peut commencer d\u00e8s le d\u00e9but du saupoudrage. Il est conseill\u00e9 d&rsquo;effectuer le m\u00e9lange sous vide d&rsquo;air afin d&rsquo;\u00e9viter la cr\u00e9ation de bulles. La temp\u00e9rature du m\u00e9lange doit \u00eatre mesur\u00e9e \u00e0 la fin du m\u00e9lange. La meilleure solution consiste \u00e0 asservir l&rsquo;augmentation de la pression en fonction de l&rsquo;augmentation de la temp\u00e9rature.<br \/>\nUn thermom\u00e8tre est plac\u00e9 dans le moule apr\u00e8s le coulage. Le soufflage peut commencer une fois que la temp\u00e9rature a augment\u00e9 de 6 \u00e0 8\u00a0\u00b0C. La pression doit \u00eatre augment\u00e9e de 0,5\u00a0bar toutes les 30\u00a0secondes \u00e0 toutes les minutes. Apr\u00e8s avoir atteint 5\u00a0bars, purgez pendant au moins une demi-heure jusqu&rsquo;\u00e0 ce que le moule soit sec. Le soufflage peut \u00eatre arr\u00eat\u00e9 lorsque des zones s\u00e8ches apparaissent sur la surface (2\u00a0heures).<br \/>\nLe moule doit pouvoir reposer pendant au moins 12\u00a0heures.<\/p>\n<p>Taux de g\u00e2chage : 3.03<\/p>\n<h2>Avantages<\/h2>\n<p>Con\u00e7u pour le Ram Process<\/p>\n<p>Haute r\u00e9sistance<\/p>\n<p>Expansion contr\u00f4l\u00e9e<\/p>\n","protected":false},"excerpt":{"rendered":"<p>Keradur 4000P est un pl\u00e2tre alpha formul\u00e9 con\u00e7u pour la r\u00e9alisation de moules pour la fabrication de vaisselle par le proc\u00e9d\u00e9 Ram Process. Keradur 4000P offre le meilleur compromis entre r\u00e9sistance m\u00e9canique du moule (pour une dur\u00e9e de vie \u00e9lev\u00e9e du moule) et une bonne perm\u00e9abilit\u00e9 (pour garantir une bonne efficacit\u00e9 de production).<\/p>\n<p>Sac de 25 kg.<\/p>\n<p>Fiche technique du pl\u00e2tre \u00e0 t\u00e9l\u00e9charger : <strong><a href=\"https:\/\/platrefrance.com\/wp-content\/uploads\/2019\/12\/FR-TDS-Keradur4000p.pdf\">FR-TDS-Keradur4000p<\/a><\/strong><\/p>\n<p>Fiche de s\u00e9curit\u00e9 du pl\u00e2tre \u00e0 t\u00e9l\u00e9charger : <a href=\"https:\/\/platrefrance.com\/wp-content\/uploads\/2019\/12\/FR-MSDS-Ceramic-WK-Range-RAM-2015-05-26.pdf\"><strong>FR MSDS Ceramic WK Range RAM<\/strong><\/a><\/p>\n","protected":false},"featured_media":1573,"comment_status":"open","ping_status":"closed","template":"","meta":[],"product_brand":[],"product_cat":[80,91,126,15],"product_tag":[],"class_list":{"0":"post-1250","1":"product","2":"type-product","3":"status-publish","4":"has-post-thumbnail","6":"product_cat-ceramique","7":"product_cat-ram-process","8":"product_cat-sacs-de-25kg","9":"product_cat-tous","10":"pa_poids-volumetrique-sac-de-25-kg","11":"pa_poids-volumetrique-seau-de-5-kg","13":"first","14":"instock","15":"shipping-taxable","16":"purchasable","17":"product-type-variable"},"_links":{"self":[{"href":"https:\/\/platrefrance.com\/home\/wp-json\/wp\/v2\/product\/1250","targetHints":{"allow":["GET"]}}],"collection":[{"href":"https:\/\/platrefrance.com\/home\/wp-json\/wp\/v2\/product"}],"about":[{"href":"https:\/\/platrefrance.com\/home\/wp-json\/wp\/v2\/types\/product"}],"replies":[{"embeddable":true,"href":"https:\/\/platrefrance.com\/home\/wp-json\/wp\/v2\/comments?post=1250"}],"wp:featuredmedia":[{"embeddable":true,"href":"https:\/\/platrefrance.com\/home\/wp-json\/wp\/v2\/media\/1573"}],"wp:attachment":[{"href":"https:\/\/platrefrance.com\/home\/wp-json\/wp\/v2\/media?parent=1250"}],"wp:term":[{"taxonomy":"product_brand","embeddable":true,"href":"https:\/\/platrefrance.com\/home\/wp-json\/wp\/v2\/product_brand?post=1250"},{"taxonomy":"product_cat","embeddable":true,"href":"https:\/\/platrefrance.com\/home\/wp-json\/wp\/v2\/product_cat?post=1250"},{"taxonomy":"product_tag","embeddable":true,"href":"https:\/\/platrefrance.com\/home\/wp-json\/wp\/v2\/product_tag?post=1250"}],"curies":[{"name":"wp","href":"https:\/\/api.w.org\/{rel}","templated":true}]}}