{"id":1252,"date":"2019-12-02T13:45:50","date_gmt":"2019-12-02T13:45:50","guid":{"rendered":"https:\/\/platrefrance.com\/home\/?post_type=product&#038;p=1252"},"modified":"2026-04-06T18:25:57","modified_gmt":"2026-04-06T18:25:57","slug":"keramweiss-e","status":"publish","type":"product","link":"https:\/\/platrefrance.com\/home\/produit\/keramweiss-e\/","title":{"rendered":"Pl\u00e2tre Keramweiss E"},"content":{"rendered":"<p>Le <strong>pl\u00e2tre Keramweiss<\/strong> est un pl\u00e2tre formul\u00e9 \u00e0 haute r\u00e9sistance utilis\u00e9 pour la fabrication de moules de <strong>calibrage<\/strong> automatique destin\u00e9 \u00e0 l\u2019industrie c\u00e9ramique (<strong>pl\u00e2tre c\u00e9ramique<\/strong>). Ce pl\u00e2tre est un produit fabriqu\u00e9 en Allemagne. La soci\u00e9t\u00e9 Formula Saint-Gobain poss\u00e8de une usine de fabrication \u00e0 Walkenreid.<\/p>\n<p>Le <strong>pl\u00e2tre Keramweiss<\/strong> peut \u00eatre utilis\u00e9 comme <strong>pl\u00e2tre c\u00e9ramique<\/strong>. Pour toutes questions sp\u00e9cifiques sur ce produit, n\u2019h\u00e9sitez pas \u00e0 nous joindre. Nous serons ravis de pouvoir r\u00e9pondre \u00e0 vos questions.<\/p>\n<p>Il est conditionn\u00e9 dans des sacs de 25kg ou des seaux de 5kg.<\/p>\n<h2>Instructions d\u2019utilisation<\/h2>\n<p>Le rapport pl\u00e2tre \/ eau recommand\u00e9 est compris entre 1,82: 1 et 2,00: 1, avec un temps de m\u00e9lange d&rsquo;env. 2 \u00e0 4 minutes, en fonction de la taille du lot et du processus de fabrication du pl\u00e2tre. L&rsquo;eau et le pl\u00e2tre doivent \u00eatre mesur\u00e9s avec soin pour garantir des performances constantes. La consistance pr\u00e9cise \u00e0 utiliser doit \u00eatre adapt\u00e9e \u00e0 chaque application. Les modifications du ratio pl\u00e2tre sur eau influenceront les performances du produit, notamment le temps de prise, la r\u00e9sistance et la perm\u00e9abilit\u00e9.<\/p>\n<p>Taux de g\u00e2chage* : 2,0<\/p>\n<h2>Avantages<\/h2>\n<p>Con\u00e7u pour le calibrage<\/p>\n<p>Expansion contr\u00f4l\u00e9e<\/p>\n<p>Tr\u00e8s haute r\u00e9sistance<\/p>\n","protected":false},"excerpt":{"rendered":"<p>Keram Weiss est un pl\u00e2tre formul\u00e9 \u00e0 haute r\u00e9sistance utilis\u00e9 pour la fabrication de moules de calibrage automatique destin\u00e9 \u00e0 l&rsquo;industrie c\u00e9ramique.<\/p>\n<p>Sac de 25 kg.<\/p>\n<p>Fiche technique du pl\u00e2tre \u00e0 t\u00e9l\u00e9charger : <strong><a href=\"https:\/\/platrefrance.com\/wp-content\/uploads\/2019\/10\/Keram-Weiss-E_WK_PDS_FR_20240207.pdf\">FR-TDS-KeramWeissE<\/a><\/strong><\/p>\n<p>Fiche de s\u00e9curit\u00e9 du pl\u00e2tre \u00e0 t\u00e9l\u00e9charger : <strong><a href=\"https:\/\/platrefrance.com\/wp-content\/uploads\/2019\/12\/FR-MSDS-Ceramic-WK-Range-TW-2015-05-26.pdf\">FR MSDS Ceramic WK Range TW<\/a><\/strong><\/p>\n","protected":false},"featured_media":1567,"comment_status":"open","ping_status":"closed","template":"","meta":[],"product_brand":[],"product_cat":[80,86,126,15],"product_tag":[],"class_list":{"0":"post-1252","1":"product","2":"type-product","3":"status-publish","4":"has-post-thumbnail","6":"product_cat-ceramique","7":"product_cat-calibrage","8":"product_cat-sacs-de-25kg","9":"product_cat-tous","10":"pa_poids-volumetrique-sac-de-25-kg","11":"pa_poids-volumetrique-seau-de-5-kg","13":"first","14":"instock","15":"shipping-taxable","16":"purchasable","17":"product-type-variable"},"_links":{"self":[{"href":"https:\/\/platrefrance.com\/home\/wp-json\/wp\/v2\/product\/1252","targetHints":{"allow":["GET"]}}],"collection":[{"href":"https:\/\/platrefrance.com\/home\/wp-json\/wp\/v2\/product"}],"about":[{"href":"https:\/\/platrefrance.com\/home\/wp-json\/wp\/v2\/types\/product"}],"replies":[{"embeddable":true,"href":"https:\/\/platrefrance.com\/home\/wp-json\/wp\/v2\/comments?post=1252"}],"wp:featuredmedia":[{"embeddable":true,"href":"https:\/\/platrefrance.com\/home\/wp-json\/wp\/v2\/media\/1567"}],"wp:attachment":[{"href":"https:\/\/platrefrance.com\/home\/wp-json\/wp\/v2\/media?parent=1252"}],"wp:term":[{"taxonomy":"product_brand","embeddable":true,"href":"https:\/\/platrefrance.com\/home\/wp-json\/wp\/v2\/product_brand?post=1252"},{"taxonomy":"product_cat","embeddable":true,"href":"https:\/\/platrefrance.com\/home\/wp-json\/wp\/v2\/product_cat?post=1252"},{"taxonomy":"product_tag","embeddable":true,"href":"https:\/\/platrefrance.com\/home\/wp-json\/wp\/v2\/product_tag?post=1252"}],"curies":[{"name":"wp","href":"https:\/\/api.w.org\/{rel}","templated":true}]}}