{"id":1257,"date":"2019-12-02T14:12:31","date_gmt":"2019-12-02T14:12:31","guid":{"rendered":"https:\/\/platrefrance.com\/home\/?post_type=product&#038;p=1257"},"modified":"2026-04-06T18:25:24","modified_gmt":"2026-04-06T18:25:24","slug":"keradur","status":"publish","type":"product","link":"https:\/\/platrefrance.com\/home\/produit\/keradur\/","title":{"rendered":"Pl\u00e2tre Keradur"},"content":{"rendered":"<p>Le <strong>pl\u00e2tre Keradur<\/strong> est un pl\u00e2tre semi hydrate adjuvant\u00e9, de couleur rose, produit \u00e0 partir de gypse naturel. Le <strong>pl\u00e2tre Keradur<\/strong> est sp\u00e9cialement con\u00e7u pour la technique <strong>ram process<\/strong>, destin\u00e9 \u00e0 la fabrication de moules de pressage en industries c\u00e9ramique. Le <strong>pl\u00e2tre Keradur<\/strong> offre le bon \u00e9quilibre entre les propri\u00e9t\u00e9s m\u00e9caniques et une bonne perm\u00e9abilit\u00e9 afin de faciliter la fabrication de moules et l\u2019efficacit\u00e9 de la production (<strong>pl\u00e2tre c\u00e9ramique<\/strong>).<\/p>\n<p>Le <strong>pl\u00e2tre Keradur<\/strong> peut \u00eatre utilis\u00e9 comme <strong>pl\u00e2tre c\u00e9ramique<\/strong>.<\/p>\n<p>Il est conditionn\u00e9 dans des sacs de 25kg ou des seaux de 5kg. Toutes les commandes sont exp\u00e9di\u00e9es sur des palettes, les transporteurs prennent automatiquement rendez-vous avec le client pour effectuer la livraison contre une signature.<\/p>\n<p>Production de moules de pressage destin\u00e9s \u00e0 la\u00a0technique Ram Process en industrie c\u00e9ramique.<\/p>\n<h2>Instructions d\u2019utilisation<\/h2>\n<p>Le rapport pl\u00e2tre \/ eau recommand\u00e9 est compris entre 2,80: 1 et 3,00: 1.Pr\u00e9paration de la matrice: La pr\u00e9paration de la matrice est essentielle. Le r\u00e9seau a\u00e9rien doit \u00eatre bien fix\u00e9 au cadre. L&rsquo;espace entre chaque tube \u00e0 air doit \u00eatre constant (~ 2 cm entre eux). Le r\u00e9seau d&rsquo;air doit \u00eatre plac\u00e9 \u00e0 environ 2 cm de la surface de travail du moule.Pr\u00e9paration du pl\u00e2treLa temp\u00e9rature du pl\u00e2tre et de l&rsquo;eau doit \u00eatre aussi proche que possible du processus de traitement, entre 15 et 20 \u00b0 C, car les temp\u00e9ratures du pl\u00e2tre et de l&rsquo;eau comportement d&rsquo;arrosage. Saupoudrer uniform\u00e9ment sur toute la surface de l&rsquo;eau et laisser tremper pendant env. 2 minutes.Selon l&rsquo;intensit\u00e9 du m\u00e9langeur et la quantit\u00e9, le temps de m\u00e9lange recommand\u00e9 est de 6 \u00e0 12 minutes. Le m\u00e9lange peut commencer depuis le d\u00e9but du trempage. Pour \u00e9viter l&rsquo;entra\u00eenement d&rsquo;air, il est conseill\u00e9 de m\u00e9langer sous vide. La temp\u00e9rature du m\u00e9lange doit \u00eatre prise \u00e0 la fin du m\u00e9lange. Le mieux est de contr\u00f4ler l&rsquo;augmentation de la pression en fonction de l&rsquo;augmentation de la temp\u00e9rature. Apr\u00e8s le coulage, un thermom\u00e8tre est plac\u00e9 dans le moule. Une fois que la temp\u00e9rature a augment\u00e9 de 6 \u00e0 8 \u00b0 C, le processus de purge peut \u00eatre lanc\u00e9. La pression doit \u00eatre augment\u00e9e de 0,5 bar toutes les demi-minutes \u00e0 toutes les minutes. Apr\u00e8s avoir atteint 5 bars, purgez jusqu&rsquo;\u00e0 ce que le moule soit sec, pendant une demi-heure minimum. Le processus de purge peut \u00eatre arr\u00eat\u00e9 lorsque des zones s\u00e8ches sont visibles \u00e0 la surface (2 heures) .Le moule devrait pouvoir durcir pendant au moins 12 heures.<\/p>\n<p>Taux de g\u00e2chage* : 3,03<\/p>\n<h2>Avantages<\/h2>\n<p>Con\u00e7u pour Ram Press<br \/>\nBon \u00e9quilibre entre propri\u00e9t\u00e9s m\u00e9caniques et perm\u00e9abilit\u00e9<br \/>\nContr\u00f4le en expansion<\/p>\n","protected":false},"excerpt":{"rendered":"<p>Keradur est un pl\u00e2tre sp\u00e9cialement con\u00e7u pour la technique Ram Press, destin\u00e9 \u00e0 la fabrication de moules de pressage en industries c\u00e9ramique. Keradur offre le bon \u00e9quilibre entre les propri\u00e9t\u00e9s m\u00e9caniques et une bonne perm\u00e9abilit\u00e9 afin de faciliter la fabrication de moules et l&rsquo;efficacit\u00e9 de la production.<\/p>\n<p>Il est conditionn\u00e9 dans des sacs de 25kg ou des seaux de 5kg.<\/p>\n<p>Fiche technique du pl\u00e2tre \u00e0 t\u00e9l\u00e9charger : <strong><a href=\"https:\/\/platrefrance.com\/wp-content\/uploads\/2019\/10\/Keradur_WK_PDS_FR_20240207.pdf\">FR-TDS-Keradur<\/a><\/strong><\/p>\n<p>Fiche de s\u00e9curit\u00e9 du pl\u00e2tre \u00e0 t\u00e9l\u00e9charger : <strong><a href=\"https:\/\/platrefrance.com\/wp-content\/uploads\/2019\/12\/FR-MSDS-Ceramic-WK-Range-RAM-2015-05-26.pdf\">FR MSDS Ceramic WK Range RAM<\/a><\/strong><\/p>\n","protected":false},"featured_media":3104,"comment_status":"open","ping_status":"closed","template":"","meta":[],"product_brand":[],"product_cat":[80,91,126,15],"product_tag":[],"class_list":{"0":"post-1257","1":"product","2":"type-product","3":"status-publish","4":"has-post-thumbnail","6":"product_cat-ceramique","7":"product_cat-ram-process","8":"product_cat-sacs-de-25kg","9":"product_cat-tous","10":"pa_poids-volumetrique-sac-de-25-kg","11":"pa_poids-volumetrique-sac-de-40-kg","12":"pa_poids-volumetrique-seau-de-5-kg","14":"first","15":"instock","16":"shipping-taxable","17":"purchasable","18":"product-type-variable"},"_links":{"self":[{"href":"https:\/\/platrefrance.com\/home\/wp-json\/wp\/v2\/product\/1257","targetHints":{"allow":["GET"]}}],"collection":[{"href":"https:\/\/platrefrance.com\/home\/wp-json\/wp\/v2\/product"}],"about":[{"href":"https:\/\/platrefrance.com\/home\/wp-json\/wp\/v2\/types\/product"}],"replies":[{"embeddable":true,"href":"https:\/\/platrefrance.com\/home\/wp-json\/wp\/v2\/comments?post=1257"}],"wp:featuredmedia":[{"embeddable":true,"href":"https:\/\/platrefrance.com\/home\/wp-json\/wp\/v2\/media\/3104"}],"wp:attachment":[{"href":"https:\/\/platrefrance.com\/home\/wp-json\/wp\/v2\/media?parent=1257"}],"wp:term":[{"taxonomy":"product_brand","embeddable":true,"href":"https:\/\/platrefrance.com\/home\/wp-json\/wp\/v2\/product_brand?post=1257"},{"taxonomy":"product_cat","embeddable":true,"href":"https:\/\/platrefrance.com\/home\/wp-json\/wp\/v2\/product_cat?post=1257"},{"taxonomy":"product_tag","embeddable":true,"href":"https:\/\/platrefrance.com\/home\/wp-json\/wp\/v2\/product_tag?post=1257"}],"curies":[{"name":"wp","href":"https:\/\/api.w.org\/{rel}","templated":true}]}}