{"id":1261,"date":"2019-12-02T14:21:20","date_gmt":"2019-12-02T14:21:20","guid":{"rendered":"https:\/\/platrefrance.com\/home\/?post_type=product&#038;p=1261"},"modified":"2026-03-29T21:44:15","modified_gmt":"2026-03-29T21:44:15","slug":"molda-3-rapid","status":"publish","type":"product","link":"https:\/\/platrefrance.com\/home\/produit\/molda-3-rapid\/","title":{"rendered":"Pl\u00e2tre Molda 3 Rapid"},"content":{"rendered":"<p>Le <strong>pl\u00e2tre Molda Rapid<\/strong> est un pl\u00e2tre semi-hydrate formul\u00e9 utilis\u00e9 dans l\u2019industrie\u00a0c\u00e9ramique pour la production de moules en vaisselle (<strong>pl\u00e2tre c\u00e9ramique<\/strong>). Ce produit est \u00e9galement utilis\u00e9 en art et d\u00e9coration, en <strong>coulage<\/strong> d\u2019\u00e9l\u00e9ments\u00a0d\u00e9coratifs en pl\u00e2tre, de figurines et en <strong>modelage<\/strong>. Ce pl\u00e2tre est le pl\u00e2tre de la gamme Molda avec le plus petit taux de g\u00e2chage, il est donc tr\u00e8s poreux mais a ne r\u00e9sistance m\u00e9canique plut\u00f4t faible.<\/p>\n<p>Le <strong>pl\u00e2tre Molda Rapid<\/strong> poss\u00e8de quelques avantages\u00a0:<\/p>\n<ul>\n<li>excellent aspect de nature<\/li>\n<li>temps de prise court<\/li>\n<\/ul>\n<p>Le <strong>pl\u00e2tre Molda Rapid<\/strong> peut \u00eatre utilis\u00e9 comme <strong>pl\u00e2tre c\u00e9ramique<\/strong>.<\/p>\n<p>Le <strong>pl\u00e2tre Molda Rapid<\/strong> est conditionn\u00e9 dans des sacs de 25kg ou des seaux de 5kg.<\/p>\n<h2>Instructions d\u2019utilisation<\/h2>\n<p>Le rapport pl\u00e2tre\/eau recommand\u00e9 se situe entre 1,30\/1 et 1,60\/1, avec un temps de m\u00e9lange d&rsquo;environ 2 \u00e0 4\u00a0minutes en fonction du volume de la g\u00e2ch\u00e9e.<br \/>\nLes ustensiles de m\u00e9lange doivent toujours \u00eatre propres et exempts de pl\u00e2tre pris. Il convient de correctement doser et m\u00e9langer le pl\u00e2tre et l&rsquo;eau afin d&rsquo;obtenir des r\u00e9sultats coh\u00e9rents.<br \/>\nSaupoudrez lentement la quantit\u00e9 pes\u00e9e de pl\u00e2tre dans le volume d&rsquo;eau mesur\u00e9 et laissez-le mouiller. Ne pas m\u00e9langer deux g\u00e2ch\u00e9es de pl\u00e2tres diff\u00e9rentes.<br \/>\nLes modifications du rapport pl\u00e2tre\/eau affecteront les performances du produit, en particulier le temps de prise, la r\u00e9sistance m\u00e9canique et la capacit\u00e9 d&rsquo;absorption.<\/p>\n<p>Taux de g\u00e2chage : 1.5<\/p>\n<h2>Avantages<\/h2>\n<p>Excellent aspect de surface<\/p>\n<p>Temps de prise court<\/p>\n","protected":false},"excerpt":{"rendered":"<p>Molda Rapid est un pl\u00e2tre semi-hydrate formul\u00e9 utilis\u00e9 dans l&rsquo;industrie\u00a0c\u00e9ramique pour la production de moules en vaisselle.\u00a0Ce produit est \u00e9galement utilis\u00e9 en art et d\u00e9coration, en coulage d&rsquo;\u00e9l\u00e9ments\u00a0d\u00e9coratifs en pl\u00e2tre, de figurines et en modelage.<\/p>\n<p>Sac de 25kg.<\/p>\n<p>Fiche technique du pl\u00e2tre \u00e0 t\u00e9l\u00e9charger : <strong><a href=\"https:\/\/platrefrance.com\/wp-content\/uploads\/2019\/10\/Molda-Rapid_CS_PDS_FR_20231019.pdf\">molda_rapid-fr<\/a><\/strong><\/p>\n<p>Fiche de s\u00e9curit\u00e9 du pl\u00e2tre \u00e0 t\u00e9l\u00e9charger : <strong><a href=\"https:\/\/platrefrance.com\/wp-content\/uploads\/2019\/12\/FR-MSDS-Molda-3-Rapide-2013-03-01.pdf\">FR MSDS Molda 3 Rapide<\/a><\/strong><\/p>\n","protected":false},"featured_media":2720,"comment_status":"open","ping_status":"closed","template":"","meta":[],"product_brand":[],"product_cat":[80,85,126,15],"product_tag":[],"class_list":{"0":"post-1261","1":"product","2":"type-product","3":"status-publish","4":"has-post-thumbnail","6":"product_cat-ceramique","7":"product_cat-coulage","8":"product_cat-sacs-de-25kg","9":"product_cat-tous","10":"pa_poids-volumetrique-sac-de-25-kg","11":"pa_poids-volumetrique-seau-de-5-kg","13":"first","14":"instock","15":"shipping-taxable","16":"purchasable","17":"product-type-variable"},"_links":{"self":[{"href":"https:\/\/platrefrance.com\/home\/wp-json\/wp\/v2\/product\/1261","targetHints":{"allow":["GET"]}}],"collection":[{"href":"https:\/\/platrefrance.com\/home\/wp-json\/wp\/v2\/product"}],"about":[{"href":"https:\/\/platrefrance.com\/home\/wp-json\/wp\/v2\/types\/product"}],"replies":[{"embeddable":true,"href":"https:\/\/platrefrance.com\/home\/wp-json\/wp\/v2\/comments?post=1261"}],"wp:featuredmedia":[{"embeddable":true,"href":"https:\/\/platrefrance.com\/home\/wp-json\/wp\/v2\/media\/2720"}],"wp:attachment":[{"href":"https:\/\/platrefrance.com\/home\/wp-json\/wp\/v2\/media?parent=1261"}],"wp:term":[{"taxonomy":"product_brand","embeddable":true,"href":"https:\/\/platrefrance.com\/home\/wp-json\/wp\/v2\/product_brand?post=1261"},{"taxonomy":"product_cat","embeddable":true,"href":"https:\/\/platrefrance.com\/home\/wp-json\/wp\/v2\/product_cat?post=1261"},{"taxonomy":"product_tag","embeddable":true,"href":"https:\/\/platrefrance.com\/home\/wp-json\/wp\/v2\/product_tag?post=1261"}],"curies":[{"name":"wp","href":"https:\/\/api.w.org\/{rel}","templated":true}]}}