{"id":1269,"date":"2019-12-02T14:30:46","date_gmt":"2019-12-02T14:30:46","guid":{"rendered":"https:\/\/platrefrance.com\/home\/?post_type=product&#038;p=1269"},"modified":"2026-03-20T00:53:39","modified_gmt":"2026-03-20T00:53:39","slug":"molda-mc10","status":"publish","type":"product","link":"https:\/\/platrefrance.com\/home\/produit\/molda-mc10\/","title":{"rendered":"Pl\u00e2tre Molda MC10"},"content":{"rendered":"<p>Le <strong>pl\u00e2tre Molda MC10<\/strong> est un pl\u00e2tre formul\u00e9 utilis\u00e9 en c\u00e9ramique pour la production de moules de coulage en vaisselle. Ce pl\u00e2tre est particuli\u00e8rement adapt\u00e9 au bi-coulage (<strong>pl\u00e2tre de coulage<\/strong>) journalier\u00a0n\u00e9cessitant une bonne r\u00e9sistance m\u00e9canique (<strong>pl\u00e2tre c\u00e9ramique<\/strong>).<\/p>\n<p>Le <strong>pl\u00e2tre MOLDA MC10<\/strong> poss\u00e8de de nombreux avantages\u00a0:<\/p>\n<ul>\n<li>adapter pour la vaisselle<\/li>\n<li>pl\u00e2tre multicoulage, dur\u00e9e de vie du moule et absorptions am\u00e9lior\u00e9es<\/li>\n<li>haute r\u00e9sistance<\/li>\n<\/ul>\n<p>Le <strong>pl\u00e2tre Molda MC10 <\/strong>est con\u00e7u pour des pi\u00e8ces multi-coulage, en effet le moule sera plus solide et permettra plusieurs coul\u00e9es par moule et par jour.<\/p>\n<p>Le <strong>pl\u00e2tre Molda MC10<\/strong> peut \u00eatre utilis\u00e9 comme <strong>pl\u00e2tre c\u00e9ramique<\/strong>.<\/p>\n<p>Le <strong>pl\u00e2tre Molda MC10<\/strong> est conditionn\u00e9 dans des sacs de 25kg ou des seaux de 5kg.<\/p>\n<h2>Instructions d\u2019utilisation<\/h2>\n<p>Le rapport pl\u00e2tre\/eau recommand\u00e9 se situe entre 1,65\/1 et 1,80\/1, avec un temps de m\u00e9lange d&rsquo;environ 2 \u00e0 4\u00a0minutes en fonction du volume de la g\u00e2ch\u00e9e.<br \/>\nLes ustensiles de m\u00e9lange doivent toujours \u00eatre propres et exempts de pl\u00e2tre pris. Il convient de correctement doser et m\u00e9langer le pl\u00e2tre et l&rsquo;eau afin d&rsquo;obtenir des r\u00e9sultats coh\u00e9rents.<br \/>\nSaupoudrez lentement la quantit\u00e9 pes\u00e9e de pl\u00e2tre dans le volume d&rsquo;eau mesur\u00e9 et laissez-le mouiller. Ne pas m\u00e9langer deux g\u00e2ch\u00e9es de pl\u00e2tres diff\u00e9rentes.<br \/>\nLes modifications du rapport pl\u00e2tre\/eau affecteront les performances du produit, en particulier le temps de prise, la r\u00e9sistance m\u00e9canique et la capacit\u00e9 d&rsquo;absorption.<\/p>\n<p>Taux de g\u00e2chage : 1.75<\/p>\n<h2>Avantages<\/h2>\n<p>adapter pour la vaisselle<\/p>\n<p>Pl\u00e2tre multicoulage, dur\u00e9e de vie du moule et absorption am\u00e9lior\u00e9es<\/p>\n<p>Haute r\u00e9sistance<\/p>\n","protected":false},"excerpt":{"rendered":"<p>Molda MC10 est un pl\u00e2tre formul\u00e9 utilis\u00e9 en c\u00e9ramique pour la production de moules de coulage en vaisselle. Ce pl\u00e2tre est particuli\u00e8rement adapt\u00e9 au bi-coulage journalier\u00a0 n\u00e9cessitant une bonne r\u00e9sistance m\u00e9canique.<\/p>\n<p>Sac de 25 kg.<\/p>\n<p>Fiche technique du pl\u00e2tre \u00e0 t\u00e9l\u00e9charger : <strong><a href=\"https:\/\/platrefrance.com\/wp-content\/uploads\/2019\/10\/Molda-MC10_CS_PDS_FR_20230303.pdf\">molda_mc10-fr<\/a><\/strong><\/p>\n<p>Fiche de s\u00e9curit\u00e9 du pl\u00e2tre \u00e0 t\u00e9l\u00e9charger : <strong><a href=\"https:\/\/platrefrance.com\/wp-content\/uploads\/2019\/12\/FR-MSDS-Molda-MC-10-2013-01-14.pdf\">FR MSDS Molda MC 10<\/a><\/strong><\/p>\n","protected":false},"featured_media":2724,"comment_status":"open","ping_status":"closed","template":"","meta":[],"product_brand":[],"product_cat":[80,85,126,15],"product_tag":[],"class_list":{"0":"post-1269","1":"product","2":"type-product","3":"status-publish","4":"has-post-thumbnail","6":"product_cat-ceramique","7":"product_cat-coulage","8":"product_cat-sacs-de-25kg","9":"product_cat-tous","10":"pa_poids-volumetrique-sac-de-25-kg","11":"pa_poids-volumetrique-seau-de-5-kg","13":"first","14":"outofstock","15":"shipping-taxable","16":"purchasable","17":"product-type-variable"},"_links":{"self":[{"href":"https:\/\/platrefrance.com\/home\/wp-json\/wp\/v2\/product\/1269","targetHints":{"allow":["GET"]}}],"collection":[{"href":"https:\/\/platrefrance.com\/home\/wp-json\/wp\/v2\/product"}],"about":[{"href":"https:\/\/platrefrance.com\/home\/wp-json\/wp\/v2\/types\/product"}],"replies":[{"embeddable":true,"href":"https:\/\/platrefrance.com\/home\/wp-json\/wp\/v2\/comments?post=1269"}],"wp:featuredmedia":[{"embeddable":true,"href":"https:\/\/platrefrance.com\/home\/wp-json\/wp\/v2\/media\/2724"}],"wp:attachment":[{"href":"https:\/\/platrefrance.com\/home\/wp-json\/wp\/v2\/media?parent=1269"}],"wp:term":[{"taxonomy":"product_brand","embeddable":true,"href":"https:\/\/platrefrance.com\/home\/wp-json\/wp\/v2\/product_brand?post=1269"},{"taxonomy":"product_cat","embeddable":true,"href":"https:\/\/platrefrance.com\/home\/wp-json\/wp\/v2\/product_cat?post=1269"},{"taxonomy":"product_tag","embeddable":true,"href":"https:\/\/platrefrance.com\/home\/wp-json\/wp\/v2\/product_tag?post=1269"}],"curies":[{"name":"wp","href":"https:\/\/api.w.org\/{rel}","templated":true}]}}