{"id":1273,"date":"2019-12-02T14:34:23","date_gmt":"2019-12-02T14:34:23","guid":{"rendered":"https:\/\/platrefrance.com\/home\/?post_type=product&#038;p=1273"},"modified":"2026-04-06T18:29:12","modified_gmt":"2026-04-06T18:29:12","slug":"molda-mc6","status":"publish","type":"product","link":"https:\/\/platrefrance.com\/home\/produit\/molda-mc6\/","title":{"rendered":"Pl\u00e2tre Molda MC6"},"content":{"rendered":"<p>Le <strong>pl\u00e2tre Molda MC6<\/strong> est un pl\u00e2tre formul\u00e9 utilis\u00e9 en c\u00e9ramique pour la production de moules de travail pour le <strong>coulage<\/strong> en vaisselle. Ce produit est particuli\u00e8rement adapt\u00e9 \u00e0 un double <strong>coulage<\/strong> quotidien (<strong>pl\u00e2tre c\u00e9ramique<\/strong>). Ce produit peut \u00e9galement \u00eatre utilis\u00e9 pour la production de moules de calibrage creux et bosse, en art et d\u00e9coration pour le <strong>coulage<\/strong> de figurines n\u00e9cessitant une haute r\u00e9sistance et une faible expansion, ainsi que pour le <strong>modelage<\/strong>.<\/p>\n<p>Le <strong>pl\u00e2tre Molda MC6<\/strong> poss\u00e8de de nombreux avantages\u00a0:<\/p>\n<ul>\n<li>con\u00e7u pour le <strong>coulage<\/strong> et le <strong>calibrage<\/strong> en vaisselle<\/li>\n<li>pl\u00e2tre multicoulage, dur\u00e9e de vie du moule et absorptions am\u00e9lior\u00e9es<\/li>\n<li>expansion contr\u00f4l\u00e9e<\/li>\n<li>id\u00e9al quand la dur\u00e9e de vie, la porosit\u00e9 et la perm\u00e9abilit\u00e9 sont des facteurs importants<\/li>\n<\/ul>\n<p>Le <strong>pl\u00e2tre Molda MC6<\/strong> peut \u00eatre utilis\u00e9 comme pl\u00e2tre c\u00e9ramique et pl\u00e2tre staff.<\/p>\n<p>Le <strong>pl\u00e2tre Molda MC6<\/strong> est conditionn\u00e9 dans des sacs de 25kg ou des seaux de 5kg.<\/p>\n<h2>Instructions d\u2019utilisation<\/h2>\n<p>Le rapport pl\u00e2tre\/eau recommand\u00e9 se situe entre 1,40\/1 et 1,60\/1, avec un temps de m\u00e9lange d&rsquo;environ 2 \u00e0 4\u00a0minutes en fonction du volume de la g\u00e2ch\u00e9e.<br \/>\nLes ustensiles de m\u00e9lange doivent toujours \u00eatre propres et exempts de pl\u00e2tre pris. Il convient de correctement doser et m\u00e9langer le pl\u00e2tre et l&rsquo;eau afin d&rsquo;obtenir des r\u00e9sultats coh\u00e9rents.<br \/>\nSaupoudrez lentement la quantit\u00e9 pes\u00e9e de pl\u00e2tre dans le volume d&rsquo;eau mesur\u00e9 et laissez-le mouiller. Ne pas m\u00e9langer deux g\u00e2ch\u00e9es de pl\u00e2tres diff\u00e9rentes.<br \/>\nLes modifications du rapport pl\u00e2tre\/eau affecteront les performances du produit, en particulier le temps de prise, la r\u00e9sistance m\u00e9canique et la capacit\u00e9 d&rsquo;absorption.<\/p>\n<p>Taux de g\u00e2chage* : 1,5 &lt; x &lt; 1,6`<\/p>\n<h2>Avantages<\/h2>\n<p>Con\u00e7u pour le modelage, coulage et le calibrage en vaisselle<\/p>\n<p>Pl\u00e2tre multicoulage, dur\u00e9e de vie du moule et absorption am\u00e9lior\u00e9es<\/p>\n<p>Expansion contr\u00f4l\u00e9e<\/p>\n","protected":false},"excerpt":{"rendered":"<p>Molda MC6 est un pl\u00e2tre formul\u00e9 utilis\u00e9 en c\u00e9ramique pour la production de moules de travail pour le coulage en vaisselle. Ce produit est particuli\u00e8rement adapt\u00e9 \u00e0 un double coulage quotidien. Ce produit peut \u00e9galement \u00eatre utilis\u00e9 pour la production de moules de calibrage creux et bosse, en art et d\u00e9coration pour le coulage de figurines n\u00e9cessitant une haute r\u00e9sistance et une faible expansion, ainsi que pour le modelage.<\/p>\n<p>Sac de 25 kg.<\/p>\n<p>Fiche technique du pl\u00e2tre \u00e0 t\u00e9l\u00e9charger : <strong><a href=\"https:\/\/platrefrance.com\/wp-content\/uploads\/2019\/10\/Molda-MC6_CS_PDS_FR_20230303.pdf\">molda_mc6-fr <\/a><\/strong><\/p>\n<p>Fiche de s\u00e9curit\u00e9 du pl\u00e2tre \u00e0 t\u00e9l\u00e9charger : <strong><a href=\"https:\/\/platrefrance.com\/wp-content\/uploads\/2019\/12\/FR-MSDS-Molda-MC6-2013-04-30.pdf\">FR MSDS Molda MC6<\/a><\/strong><\/p>\n","protected":false},"featured_media":3058,"comment_status":"open","ping_status":"closed","template":"","meta":[],"product_brand":[],"product_cat":[80,86,85,89,102,82,126,15],"product_tag":[],"class_list":{"0":"post-1273","1":"product","2":"type-product","3":"status-publish","4":"has-post-thumbnail","6":"product_cat-ceramique","7":"product_cat-calibrage","8":"product_cat-coulage","9":"product_cat-modelage-ceramique","10":"product_cat-modelage-staff","11":"product_cat-staff","12":"product_cat-sacs-de-25kg","13":"product_cat-tous","14":"pa_poids-volumetrique-sac-de-25-kg","15":"pa_poids-volumetrique-seau-de-5-kg","17":"first","18":"instock","19":"shipping-taxable","20":"purchasable","21":"product-type-variable"},"_links":{"self":[{"href":"https:\/\/platrefrance.com\/home\/wp-json\/wp\/v2\/product\/1273","targetHints":{"allow":["GET"]}}],"collection":[{"href":"https:\/\/platrefrance.com\/home\/wp-json\/wp\/v2\/product"}],"about":[{"href":"https:\/\/platrefrance.com\/home\/wp-json\/wp\/v2\/types\/product"}],"replies":[{"embeddable":true,"href":"https:\/\/platrefrance.com\/home\/wp-json\/wp\/v2\/comments?post=1273"}],"wp:featuredmedia":[{"embeddable":true,"href":"https:\/\/platrefrance.com\/home\/wp-json\/wp\/v2\/media\/3058"}],"wp:attachment":[{"href":"https:\/\/platrefrance.com\/home\/wp-json\/wp\/v2\/media?parent=1273"}],"wp:term":[{"taxonomy":"product_brand","embeddable":true,"href":"https:\/\/platrefrance.com\/home\/wp-json\/wp\/v2\/product_brand?post=1273"},{"taxonomy":"product_cat","embeddable":true,"href":"https:\/\/platrefrance.com\/home\/wp-json\/wp\/v2\/product_cat?post=1273"},{"taxonomy":"product_tag","embeddable":true,"href":"https:\/\/platrefrance.com\/home\/wp-json\/wp\/v2\/product_tag?post=1273"}],"curies":[{"name":"wp","href":"https:\/\/api.w.org\/{rel}","templated":true}]}}