{"id":2495,"date":"2022-07-29T07:26:05","date_gmt":"2022-07-29T07:26:05","guid":{"rendered":"https:\/\/platrefrance.com\/home\/?post_type=product&#038;p=2495"},"modified":"2026-04-22T12:31:00","modified_gmt":"2026-04-22T12:31:00","slug":"platre-molda-roller-3-seau-de-5kg","status":"publish","type":"product","link":"https:\/\/platrefrance.com\/home\/produit\/platre-molda-roller-3-seau-de-5kg\/","title":{"rendered":"Pl\u00e2tre Molda Roller 3 Seau de 5kg"},"content":{"rendered":"<p>Le <strong>pl\u00e2tre Molda Roller 3<\/strong> est un pl\u00e2tre formul\u00e9 pour la production de moules de calibrage en vaisselle (<strong>pl\u00e2tre c\u00e9ramique<\/strong>).<\/p>\n<p>Le <strong>pl\u00e2tre Molda Roller 3<\/strong> poss\u00e8de de nombreux avantages\u00a0:<\/p>\n<ul>\n<li>con\u00e7u pour le <strong>calibrage<\/strong><\/li>\n<li>expansion contr\u00f4l\u00e9e<\/li>\n<li>temps de prise et d\u00e9moulage rapide<\/li>\n<\/ul>\n<p>Le <strong>pl\u00e2tre Molda Roller 3<\/strong> peut \u00eatre utilis\u00e9 comme <strong>pl\u00e2tre c\u00e9ramique<\/strong> et notamment pour le proc\u00e9d\u00e9 dit de <strong>calibrage<\/strong>. Ce pl\u00e2tre est employ\u00e9 pour la fabrication de saladiers, de tasses, \u2026, g\u00e9n\u00e9ralement toutes pi\u00e8ces de c\u00e9ramique rondes et hautes.<\/p>\n<p>Le pl\u00e2tre <strong>Molda Roller 3<\/strong> est conditionn\u00e9 dans des sacs de 25kg ou des seaux de 25kg.<\/p>\n<h2>Instructions d\u2019utilisation<\/h2>\n<p>Le rapport pl\u00e2tre\/eau recommand\u00e9 se situe entre 1,70\/1 et 1,90\/1, avec un temps de m\u00e9lange d&rsquo;environ 2 \u00e0 4 minutes en fonction du volume de la g\u00e2ch\u00e9e.\u00a0Les ustensiles de m\u00e9lange doivent toujours \u00eatre propres et exempts de pl\u00e2tre pris. Il convient de correctement doser et m\u00e9langer le pl\u00e2tre et l&rsquo;eau afin d&rsquo;obtenir des r\u00e9sultats coh\u00e9rents.\u00a0Saupoudrez lentement la quantit\u00e9 pes\u00e9e de pl\u00e2tre dans le volume d&rsquo;eau mesur\u00e9 et laissez-le mouiller. Ne pas m\u00e9langer deux g\u00e2ch\u00e9es de pl\u00e2tres diff\u00e9rentes.\u00a0Les modifications du rapport pl\u00e2tre\/eau affecteront les performances du produit, en particulier le temps de prise, la r\u00e9sistance m\u00e9canique et la capacit\u00e9 d&rsquo;absorption.\u00a0Les graphiques suivants permettent d&rsquo;illustrer l&rsquo;influence d&rsquo;une modification de ce rapport sur la r\u00e9sistance \u00e0 la compression et sur l&rsquo;absorption d&rsquo;eau.<\/p>\n<p>Taux de g\u00e2chage* : 1,75 &lt; x &lt; 1,85<\/p>\n<h2>Avantages<\/h2>\n<p>Con\u00e7u pour le calibrage<\/p>\n<p>Expansion contr\u00f4l\u00e9e<\/p>\n<p>Temps de prise et d\u00e9moulage rapide<\/p>\n","protected":false},"excerpt":{"rendered":"<p>Molda Roller 3 est un pl\u00e2tre formul\u00e9 pour la production de moules de calibrage en vaisselle.<\/p>\n<p>Seau de 5 kg.<\/p>\n<p>Fiche technique du pl\u00e2tre \u00e0 t\u00e9l\u00e9charger : <strong><a href=\"https:\/\/platrefrance.com\/wp-content\/uploads\/2019\/10\/molda-roller_3_CS_PDS_FR_20230303-1.pdf\">molda_roller_3<\/a><\/strong><\/p>\n<p>Fiche de s\u00e9curit\u00e9 du pl\u00e2tre \u00e0 t\u00e9l\u00e9charger : <strong><a href=\"https:\/\/platrefrance.com\/wp-content\/uploads\/2022\/07\/FR-MSDS-MOLDA-ROLLER-3-20220617.pdf\">FR MSDS Molda Roller \u00a0<\/a><\/strong><\/p>\n","protected":false},"featured_media":2496,"comment_status":"closed","ping_status":"closed","template":"","meta":[],"product_brand":[],"product_cat":[80,86,125,15],"product_tag":[],"class_list":{"0":"post-2495","1":"product","2":"type-product","3":"status-publish","4":"has-post-thumbnail","6":"product_cat-ceramique","7":"product_cat-calibrage","8":"product_cat-seaux-de-5kg","9":"product_cat-tous","11":"first","12":"instock","13":"shipping-taxable","14":"purchasable","15":"product-type-simple"},"_links":{"self":[{"href":"https:\/\/platrefrance.com\/home\/wp-json\/wp\/v2\/product\/2495","targetHints":{"allow":["GET"]}}],"collection":[{"href":"https:\/\/platrefrance.com\/home\/wp-json\/wp\/v2\/product"}],"about":[{"href":"https:\/\/platrefrance.com\/home\/wp-json\/wp\/v2\/types\/product"}],"replies":[{"embeddable":true,"href":"https:\/\/platrefrance.com\/home\/wp-json\/wp\/v2\/comments?post=2495"}],"wp:featuredmedia":[{"embeddable":true,"href":"https:\/\/platrefrance.com\/home\/wp-json\/wp\/v2\/media\/2496"}],"wp:attachment":[{"href":"https:\/\/platrefrance.com\/home\/wp-json\/wp\/v2\/media?parent=2495"}],"wp:term":[{"taxonomy":"product_brand","embeddable":true,"href":"https:\/\/platrefrance.com\/home\/wp-json\/wp\/v2\/product_brand?post=2495"},{"taxonomy":"product_cat","embeddable":true,"href":"https:\/\/platrefrance.com\/home\/wp-json\/wp\/v2\/product_cat?post=2495"},{"taxonomy":"product_tag","embeddable":true,"href":"https:\/\/platrefrance.com\/home\/wp-json\/wp\/v2\/product_tag?post=2495"}],"curies":[{"name":"wp","href":"https:\/\/api.w.org\/{rel}","templated":true}]}}